{"id":9082,"date":"2024-08-13T14:37:47","date_gmt":"2024-08-13T12:37:47","guid":{"rendered":"http:\/\/w2w\/wpbarlovento\/?page_id=9082"},"modified":"2025-01-13T10:26:19","modified_gmt":"2025-01-13T09:26:19","slug":"tecnologias","status":"publish","type":"page","link":"https:\/\/barloventoapplus.com\/es\/tecnologias\/","title":{"rendered":"Tecnolog\u00edas"},"content":{"rendered":"\n<p>Barlovento Applus+ tiene una amplia experiencia en la prestaci\u00f3n de servicios profesionales de <a href=\"..\/consultoria\/\">consultor\u00eda<\/a>, <a href=\"https:\/\/barloventoapplus.com\/es\/ingenieria\/\">ingenier\u00eda<\/a>, <a href=\"https:\/\/barloventoapplus.com\/es\/ensayos-de-aerogeneradores\/\">ensayos de aerogeneradores<\/a>&nbsp;y <a href=\"https:\/\/barloventoapplus.com\/es\/consultoria-electrica-avanzada\/\">servicios avanzados de consultor\u00eda el\u00e9ctrica<\/a>, as\u00ed como <a href=\"https:\/\/barloventoapplus.com\/es\/recurso-eolico\/\">campa\u00f1as de medici\u00f3n y an\u00e1lisis del recurso e\u00f3lico<\/a>, para proyectos de energ\u00eda renovable en m\u00e1s de 60 pa\u00edses en todo el mundo.<\/p>\n\n\n\n<p>Contribuimos al despliegue de proyectos de energ\u00edas renovables y nos especializamos en:<\/p>\n\n\n\n<h2 class=\"wp-block-heading\">PARQUES E\u00d3LICOS TERRESTRES Y MARINOS<\/h2>\n\n\n\n<p>Los proyectos de energ\u00eda e\u00f3lica requieren una planificaci\u00f3n meticulosa, una ejecuci\u00f3n precisa y una experiencia exhaustiva. Los aspectos clave incluyen <a href=\"https:\/\/barloventoapplus.com\/es\/consultoria\/\">evaluaciones precisas del emplazamiento<\/a>, <a href=\"https:\/\/barloventoapplus.com\/es\/recurso-eolico\/\">evaluaciones de recursos e\u00f3licos<\/a>, <a href=\"https:\/\/barloventoapplus.com\/es\/ingenieria\/\">soluciones de ingenier\u00eda avanzadas<\/a>&nbsp;y un <a href=\"https:\/\/barloventoapplus.com\/es\/ensayos-de-aerogeneradores\/\">riguroso control de calidad<\/a>&nbsp;para maximizar la eficiencia, minimizar los riesgos y garantizar el \u00e9xito y la sostenibilidad a largo plazo del parque e\u00f3lico.<\/p>\n\n\n\n<h2 class=\"wp-block-heading\">PROYECTOS RENOVABLES H\u00cdBRIDOS<\/h2>\n\n\n\n<p>Estos proyectos combinan diferentes tecnolog\u00edas, como la e\u00f3lica, la solar fotovoltaica y los sistemas de almacenamiento de energ\u00eda en bater\u00edas (BESS) y representan el futuro de la generaci\u00f3n de energ\u00eda sostenible. Para estos sistemas, es necesario adoptar un enfoque integral que combine experiencia en <a href=\"https:\/\/barloventoapplus.com\/es\/recurso-eolico\/\">la evaluaci\u00f3n de recursos<\/a>, <a href=\"https:\/\/barloventoapplus.com\/es\/ingenieria\/\">el dise\u00f1o del sistema<\/a>\u00a0y la <a href=\"https:\/\/barloventoapplus.com\/es\/consultoria-electrica-avanzada\/\">integraci\u00f3n en la red el\u00e9ctrica<\/a>. Los principales desaf\u00edos a tener en cuenta incluyen optimizar la interacci\u00f3n entre m\u00faltiples fuentes de energ\u00eda, garantizar un correcto funcionamiento y maximizar la eficiencia minimizando los costes.<\/p>\n\n\n\n<div style=\"height:50px\" aria-hidden=\"true\" class=\"wp-block-spacer\"><\/div>\n\n\n\n<p><\/p>\n","protected":false},"excerpt":{"rendered":"<p>Barlovento Applus+ tiene una amplia experiencia en la prestaci\u00f3n de servicios profesionales de consultor\u00eda, ingenier\u00eda, ensayos de aerogeneradores&nbsp;y servicios avanzados [&hellip;]<\/p>\n","protected":false},"author":5,"featured_media":0,"parent":0,"menu_order":0,"comment_status":"closed","ping_status":"closed","template":"template-technologies.php","meta":{"_acf_changed":false,"footnotes":""},"class_list":["post-9082","page","type-page","status-publish","hentry"],"acf":[],"_links":{"self":[{"href":"https:\/\/barloventoapplus.com\/es\/wp-json\/wp\/v2\/pages\/9082","targetHints":{"allow":["GET"]}}],"collection":[{"href":"https:\/\/barloventoapplus.com\/es\/wp-json\/wp\/v2\/pages"}],"about":[{"href":"https:\/\/barloventoapplus.com\/es\/wp-json\/wp\/v2\/types\/page"}],"author":[{"embeddable":true,"href":"https:\/\/barloventoapplus.com\/es\/wp-json\/wp\/v2\/users\/5"}],"replies":[{"embeddable":true,"href":"https:\/\/barloventoapplus.com\/es\/wp-json\/wp\/v2\/comments?post=9082"}],"version-history":[{"count":4,"href":"https:\/\/barloventoapplus.com\/es\/wp-json\/wp\/v2\/pages\/9082\/revisions"}],"predecessor-version":[{"id":10811,"href":"https:\/\/barloventoapplus.com\/es\/wp-json\/wp\/v2\/pages\/9082\/revisions\/10811"}],"wp:attachment":[{"href":"https:\/\/barloventoapplus.com\/es\/wp-json\/wp\/v2\/media?parent=9082"}],"curies":[{"name":"wp","href":"https:\/\/api.w.org\/{rel}","templated":true}]}}