{"id":9069,"date":"2024-08-13T13:47:03","date_gmt":"2024-08-13T11:47:03","guid":{"rendered":"http:\/\/w2w\/wpbarlovento\/?page_id=9069"},"modified":"2025-01-12T21:31:18","modified_gmt":"2025-01-12T20:31:18","slug":"consultoria-electrica-avanzada","status":"publish","type":"page","link":"https:\/\/barloventoapplus.com\/es\/consultoria-electrica-avanzada\/","title":{"rendered":"Consultor\u00eda El\u00e9ctrica Avanzada"},"content":{"rendered":"\n<p>En Barlovento Applus+, contamos con un departamento dedicado a la consultor\u00eda el\u00e9ctrica avanzada para las energ\u00edas renovables que realiza estudios el\u00e9ctricos avanzados, para verificar el cumplimiento de los c\u00f3digos de red y determinar el impacto de la conexi\u00f3n a red de instalaciones de generaci\u00f3n de energ\u00eda el\u00e9ctrica en los diferentes pa\u00edses.<\/p>\n\n\n\n<p>Adem\u00e1s, contamos con la <a href=\"https:\/\/barloventoapplus.com\/es\/acreditaciones\/\">acreditaci\u00f3n de ENAC<\/a> para la realizaci\u00f3n de simulaciones complementarias y simulaciones para validaci\u00f3n de modelo seg\u00fan NTS y validaci\u00f3n de modelo seg\u00fan las normas IEC 61400-27-1, IEC 61400-27-2 y FGW TG4.<\/p>\n\n\n\n<p>Nuestros principales servicios incluyen:<\/p>\n\n\n\r\n    <div class=\"bloque fases-engineering-testing bloque-servicios\">\r\n\r\n        <div id=\"contenido_pestanas\">\r\n            <ul class=\"fases\">\r\n\t\t\t\t                        <li>\r\n\t\t\t\t\t\t\t                            <a href=\"#opcion1\">\r\n\t\t\t\t\t\t\t\t<?xml version=\"1.0\" encoding=\"iso-8859-1\"?>\r\n<!-- Generator: Adobe Illustrator 28.5.0, SVG Export Plug-In . SVG Version: 9.03 Build 54727)  -->\r\n<svg version=\"1.1\" id=\"Capa_1\" xmlns=\"http:\/\/www.w3.org\/2000\/svg\" xmlns:xlink=\"http:\/\/www.w3.org\/1999\/xlink\" x=\"0px\" y=\"0px\"\r\n\t viewBox=\"0 0 52.84 52.84\" style=\"enable-background:new 0 0 52.84 52.84; fill:#003e51;\" xml:space=\"preserve\">\r\n<path style=\"fill-rule:evenodd;clip-rule:evenodd;\" d=\"M38.55,35.61c-0.99,0-1.8-0.81-1.8-1.8s0.81-1.8,1.8-1.8s1.8,0.81,1.8,1.8\r\n\tS39.54,35.61,38.55,35.61z M27.91,39.34c-0.42-0.48-0.99-0.82-1.63-0.95v-3.13c2.86-0.17,5.36-1.71,6.85-3.96l2.71,1.57\r\n\tc-0.21,0.61-0.21,1.28,0,1.89C35.84,34.76,27.91,39.34,27.91,39.34z M25.73,43.01c-0.99,0-1.79-0.81-1.79-1.8s0.8-1.8,1.79-1.8\r\n\ts1.8,0.81,1.8,1.8S26.72,43.01,25.73,43.01z M15.63,34.76c0.21-0.61,0.21-1.28,0-1.89l2.72-1.57c1.49,2.25,3.99,3.79,6.85,3.96v3.13\r\n\tc-0.65,0.12-1.22,0.46-1.63,0.95C23.57,39.34,15.63,34.76,15.63,34.76z M12.92,35.61c-0.99,0-1.79-0.81-1.79-1.8s0.8-1.8,1.79-1.8\r\n\ts1.8,0.81,1.8,1.8S13.91,35.61,12.92,35.61z M11.13,19.02c0-0.99,0.8-1.8,1.79-1.8s1.8,0.81,1.8,1.8s-0.81,1.8-1.8,1.8\r\n\tS11.13,20.01,11.13,19.02z M23.57,13.5c0.41,0.48,0.98,0.82,1.64,0.95v3.13c-2.86,0.17-5.36,1.7-6.85,3.96l-2.72-1.57\r\n\tc0.21-0.61,0.21-1.28,0-1.89l7.94-4.58L23.57,13.5z M25.73,9.83c0.99,0,1.8,0.81,1.8,1.8s-0.81,1.8-1.8,1.8s-1.79-0.81-1.79-1.8\r\n\tS24.74,9.83,25.73,9.83z M35.84,18.08c-0.21,0.61-0.21,1.28,0,1.89l-2.71,1.57c-1.5-2.25-4-3.79-6.85-3.96v-3.13\r\n\tc0.65-0.12,1.22-0.46,1.63-0.95C27.91,13.5,35.84,18.08,35.84,18.08z M38.55,17.23c0.99,0,1.8,0.81,1.8,1.8s-0.81,1.8-1.8,1.8\r\n\ts-1.8-0.81-1.8-1.8S37.56,17.23,38.55,17.23z M13.46,31c0.65,0.12,1.22,0.46,1.64,0.95l2.72-1.57c-1.25-2.49-1.25-5.42,0-7.92\r\n\tl-2.72-1.57c-0.42,0.48-0.99,0.82-1.64,0.95C13.46,21.84,13.46,31,13.46,31z M25.73,34.21c4.3,0,7.79-3.49,7.79-7.79\r\n\ts-3.49-7.79-7.79-7.79s-7.79,3.49-7.79,7.79S21.44,34.21,25.73,34.21z M36.38,31.95c0.41-0.48,0.98-0.82,1.63-0.95v-9.16\r\n\tc-0.65-0.12-1.22-0.47-1.63-0.95l-2.72,1.57c1.25,2.49,1.25,5.42,0,7.92C33.66,30.38,36.38,31.95,36.38,31.95z M39.08,31v-9.16\r\n\tc1.33-0.25,2.33-1.42,2.33-2.82c0-1.58-1.29-2.87-2.87-2.87c-0.87,0-1.64,0.39-2.17,1l-7.94-4.58c0.64-1.84-0.72-3.81-2.71-3.81\r\n\ts-3.36,1.93-2.7,3.81l-7.94,4.58c-0.53-0.61-1.3-1-2.17-1c-1.58,0-2.87,1.29-2.87,2.87c0,1.4,1.01,2.57,2.33,2.82V31\r\n\tc-1.33,0.25-2.33,1.42-2.33,2.82c0,1.58,1.29,2.87,2.87,2.87c0.87,0,1.64-0.39,2.17-1l7.94,4.58c-0.65,1.88,0.75,3.81,2.7,3.81\r\n\ts3.35-1.96,2.71-3.81l7.94-4.58c0.52,0.61,1.3,1,2.17,1c1.58,0,2.87-1.29,2.87-2.87C41.41,32.42,40.41,31.26,39.08,31z\"\/>\r\n<path style=\"fill-rule:evenodd;clip-rule:evenodd;\" d=\"M28.41,25h-1.59v-2.97c0-0.39-0.51-0.55-0.73-0.23l-3.36,4.74\r\n\tc-0.19,0.27,0,0.64,0.33,0.64h1.1v3.65c0,0.39,0.5,0.55,0.73,0.23l3.84-5.41c0.19-0.26,0-0.64-0.33-0.64L28.41,25z M24.97,29.55\r\n\tv-2.79c0-0.22-0.18-0.4-0.4-0.4h-0.73l2.18-3.07v2.11c0,0.22,0.18,0.4,0.4,0.4h1.21C27.63,25.8,24.97,29.55,24.97,29.55z\"\/>\r\n<\/svg>                                <span class=\"mas simbolo\">+<\/span>\r\n                                <span class=\"menos simbolo\">\u2013<\/span>\r\n                            <\/a>\r\n                            <h4>Estudios de Conexi\u00f3n a Red El\u00e9ctrica<\/h4>\r\n\r\n                        <\/li>\r\n\t\t\t\t\t\t                        <li>\r\n\t\t\t\t\t\t\t                            <a href=\"#opcion2\">\r\n\t\t\t\t\t\t\t\t<svg version=\"1.1\" id=\"Capa_1\" xmlns=\"http:\/\/www.w3.org\/2000\/svg\" xmlns:xlink=\"http:\/\/www.w3.org\/1999\/xlink\" x=\"0px\" y=\"0px\"\r\n\t viewBox=\"0 0 52.84 52.84\" style=\"enable-background:new 0 0 52.84 52.84; fill:#003e51;\" xml:space=\"preserve\">\r\n<path d=\"M43.2,12.78h-2.56c-1.22,0-2.24,0.84-2.53,1.97H14.73c-0.29-1.13-1.31-1.97-2.53-1.97H9.64c-1.45,0-2.62,1.18-2.62,2.62\r\n\ts1.18,2.62,2.62,2.62h2.56c1.22,0,2.24-0.84,2.53-1.97h23.38c0.29,1.13,1.31,1.97,2.53,1.97h2.56c1.45,0,2.62-1.18,2.62-2.62\r\n\tS44.64,12.78,43.2,12.78z M12.2,16.72H9.64c-0.73,0-1.32-0.59-1.32-1.32s0.59-1.32,1.32-1.32h2.56c0.73,0,1.32,0.59,1.32,1.32\r\n\tS12.93,16.72,12.2,16.72z M43.2,16.72h-2.56c-0.73,0-1.32-0.59-1.32-1.32s0.59-1.32,1.32-1.32h2.56c0.73,0,1.32,0.59,1.32,1.32\r\n\tS43.93,16.72,43.2,16.72z\"\/>\r\n<path d=\"M43.2,34.82h-2.56c-1.22,0-2.24,0.84-2.53,1.97H14.73c-0.29-1.13-1.31-1.97-2.53-1.97H9.64c-1.45,0-2.62,1.18-2.62,2.62\r\n\ts1.18,2.62,2.62,2.62h2.56c1.22,0,2.24-0.84,2.53-1.97h23.38c0.29,1.13,1.31,1.97,2.53,1.97h2.56c1.45,0,2.62-1.18,2.62-2.62\r\n\tS44.64,34.82,43.2,34.82z M12.2,38.77H9.64c-0.73,0-1.32-0.59-1.32-1.32s0.59-1.32,1.32-1.32h2.56c0.73,0,1.32,0.59,1.32,1.32\r\n\tS12.93,38.77,12.2,38.77z M43.2,38.77h-2.56c-0.73,0-1.32-0.59-1.32-1.32s0.59-1.32,1.32-1.32h2.56c0.73,0,1.32,0.59,1.32,1.32\r\n\tS43.93,38.77,43.2,38.77z\"\/>\r\n<path d=\"M43.2,23.8h-2.56c-1.22,0-2.24,0.84-2.53,1.97h-3.74c-0.3-4.27-3.86-7.65-8.2-7.65s-7.9,3.38-8.2,7.65h-3.23\r\n\tc-0.29-1.13-1.31-1.97-2.53-1.97H9.65c-1.45,0-2.62,1.18-2.62,2.62s1.18,2.62,2.62,2.62h2.56c1.22,0,2.24-0.84,2.53-1.97h3.23\r\n\tc0.37,4.2,3.9,7.51,8.2,7.51s7.83-3.31,8.2-7.51h3.75c0.29,1.13,1.31,1.97,2.53,1.97h2.56c1.45,0,2.62-1.18,2.62-2.62\r\n\ts-1.18-2.62-2.62-2.62H43.2z M12.2,27.74H9.64c-0.73,0-1.32-0.59-1.32-1.32s0.59-1.32,1.32-1.32h2.56c0.73,0,1.32,0.59,1.32,1.32\r\n\tS12.93,27.74,12.2,27.74z M33.06,27.07c-0.36,3.49-3.32,6.21-6.9,6.21s-6.53-2.73-6.9-6.21c-0.02-0.24-0.04-0.48-0.04-0.72\r\n\tc0-0.2,0.01-0.39,0.03-0.58c0.3-3.55,3.28-6.35,6.9-6.35s6.61,2.8,6.9,6.35c0.02,0.19,0.03,0.38,0.03,0.58\r\n\tc0,0.24-0.01,0.48-0.04,0.72H33.06z M43.2,27.74h-2.56c-0.73,0-1.32-0.59-1.32-1.32s0.59-1.32,1.32-1.32h2.56\r\n\tc0.73,0,1.32,0.59,1.32,1.32S43.93,27.74,43.2,27.74z\"\/>\r\n<path style=\"fill-rule:evenodd;clip-rule:evenodd;\" d=\"M29.17,24.75h-1.79V21.4c0-0.44-0.57-0.62-0.82-0.26l-3.78,5.33\r\n\tc-0.21,0.3,0,0.72,0.37,0.72h1.24v4.11c0,0.44,0.57,0.62,0.82,0.26l4.32-6.1c0.21-0.3,0-0.72-0.37-0.72L29.17,24.75z M25.3,29.88\r\n\tv-3.14c0-0.25-0.2-0.45-0.45-0.45h-0.82l2.45-3.46v2.38c0,0.25,0.2,0.45,0.45,0.45h1.36C28.29,25.66,25.3,29.88,25.3,29.88z\"\/>\r\n<\/svg>                                <span class=\"mas simbolo\">+<\/span>\r\n                                <span class=\"menos simbolo\">\u2013<\/span>\r\n                            <\/a>\r\n                            <h4>Estudios El\u00e9ctricos Avanzados<\/h4>\r\n\r\n                        <\/li>\r\n\t\t\t\t\t\t                        <li>\r\n\t\t\t\t\t\t\t                            <a href=\"#opcion3\">\r\n\t\t\t\t\t\t\t\t<svg version=\"1.1\" id=\"Capa_1\" xmlns=\"http:\/\/www.w3.org\/2000\/svg\" xmlns:xlink=\"http:\/\/www.w3.org\/1999\/xlink\" x=\"0px\" y=\"0px\"\r\n\t viewBox=\"0 0 52.84 52.84\" style=\"enable-background:new 0 0 52.84 52.84; fill:#003e51;\" xml:space=\"preserve\">\r\n<path style=\"fill-rule:evenodd;clip-rule:evenodd;\" d=\"M45.11,42.04l-2.1,2.1c-0.23,0.23-0.6,0.23-0.84,0\r\n\tc-0.23-0.23-0.23-0.6,0-0.84l1.09-1.09h-3.67v1.27c0,0.32-0.27,0.59-0.59,0.59s-0.59-0.27-0.59-0.59v-1.27H33.9v2.74\r\n\tc0,0.33-0.27,0.59-0.59,0.59s-0.59-0.26-0.59-0.59v-2.74h-4.51v1.27c0,0.32-0.26,0.59-0.59,0.59s-0.59-0.27-0.59-0.59v-1.27h-4.51\r\n\tv2.74c0,0.33-0.27,0.59-0.59,0.59s-0.59-0.26-0.59-0.59v-2.74h-4.51v1.27c0,0.32-0.27,0.59-0.59,0.59s-0.59-0.27-0.59-0.59v-1.27\r\n\th-4.51v3.15c0,0.33-0.27,0.59-0.59,0.59s-0.59-0.26-0.59-0.59v-3.15H6.8c-0.33,0-0.59-0.26-0.59-0.59s0.27-0.59,0.59-0.59h3.16\r\n\tv-4.51H8.69c-0.33,0-0.59-0.26-0.59-0.59s0.26-0.59,0.59-0.59h1.27v-4.51H7.21c-0.33,0-0.59-0.26-0.59-0.59s0.27-0.59,0.59-0.59\r\n\th2.75v-4.51H8.69c-0.33,0-0.59-0.27-0.59-0.59s0.26-0.59,0.59-0.59h1.27v-4.51H7.21c-0.33,0-0.59-0.26-0.59-0.59\r\n\ts0.27-0.59,0.59-0.59h2.75v-4.51H8.69c-0.33,0-0.59-0.26-0.59-0.59s0.26-0.59,0.59-0.59h1.27V8.91L8.87,10\r\n\tc-0.23,0.23-0.61,0.23-0.84,0c-0.23-0.23-0.23-0.6,0-0.83l2.17-2.16c0.18-0.12,0.31-0.14,0.53-0.09C10.82,6.94,10.9,7,10.98,7.06\r\n\tl2.1,2.11c0.37,0.37,0.1,1.01-0.42,1.01c-0.15,0-0.3-0.06-0.42-0.17l-1.09-1.09v32.13h32.14l-1.09-1.09c-0.23-0.23-0.23-0.6,0-0.84\r\n\tc0.23-0.23,0.61-0.23,0.84,0l2.1,2.1c0.16,0.17,0.21,0.39,0.14,0.62c-0.03,0.09-0.08,0.15-0.14,0.22L45.11,42.04z\"\/>\r\n<path style=\"fill-rule:evenodd;clip-rule:evenodd;\" d=\"M38.3,26.14v-4.29c1.18-0.23,2.07-1.28,2.07-2.53c0-1.42-1.15-2.57-2.57-2.57\r\n\tc-0.83,0-1.56,0.39-2.03,1l-4.82-2.41c0.45-1.63-0.78-3.26-2.48-3.26s-2.93,1.63-2.48,3.26l-4.82,2.41c-0.47-0.6-1.21-1-2.03-1\r\n\tc-1.42,0-2.57,1.15-2.57,2.57c0,1.25,0.89,2.29,2.08,2.53v4.29c-1.18,0.23-2.07,1.28-2.08,2.52c0,1.42,1.15,2.57,2.57,2.57\r\n\tc0.83,0,1.56-0.39,2.03-1l4.82,2.41c-0.45,1.63,0.78,3.26,2.48,3.26s2.93-1.62,2.48-3.26l4.82-2.41c0.47,0.61,1.21,1,2.03,1\r\n\tc1.42,0,2.57-1.15,2.57-2.57C40.37,27.41,39.48,26.37,38.3,26.14z M37.8,17.75c0.87,0,1.58,0.7,1.58,1.57s-0.71,1.58-1.58,1.58\r\n\ts-1.58-0.7-1.58-1.58S36.93,17.75,37.8,17.75z M28.46,13.08c0.87,0,1.58,0.71,1.58,1.58s-0.71,1.58-1.58,1.58s-1.58-0.71-1.58-1.58\r\n\tS27.59,13.08,28.46,13.08z M21.61,18.64l4.82-2.41c1.03,1.33,3.04,1.33,4.07,0l4.82,2.41c-0.12,0.45-0.12,0.92,0,1.36l-4.82,2.41\r\n\tc-1.03-1.33-3.04-1.33-4.07,0L21.61,20C21.73,19.55,21.73,19.09,21.61,18.64z M30.04,24c0,0.87-0.71,1.58-1.58,1.58\r\n\ts-1.58-0.71-1.58-1.58s0.71-1.58,1.58-1.58S30.04,23.13,30.04,24z M17.55,19.32c0-0.87,0.71-1.57,1.58-1.57s1.58,0.7,1.58,1.57\r\n\tc0,0.87-0.71,1.58-1.58,1.58S17.55,20.2,17.55,19.32z M19.13,30.24c-0.87,0-1.58-0.71-1.58-1.58s0.71-1.57,1.58-1.57\r\n\ts1.58,0.7,1.58,1.57S20,30.24,19.13,30.24z M26.43,31.76l-4.82-2.41c0.4-1.45-0.53-2.92-1.98-3.21v-4.29\r\n\tc0.62-0.12,1.16-0.47,1.54-0.95l4.82,2.41c-0.4,1.45,0.53,2.92,1.98,3.21v4.29C27.35,30.93,26.81,31.28,26.43,31.76z M28.47,34.91\r\n\tc-0.87,0-1.58-0.71-1.58-1.58s0.71-1.58,1.58-1.58s1.58,0.71,1.58,1.58S29.34,34.91,28.47,34.91z M35.32,29.35l-4.82,2.41\r\n\tc-0.37-0.48-0.91-0.83-1.54-0.95v-4.29c1.46-0.28,2.38-1.76,1.98-3.21l4.82-2.41c0.37,0.48,0.92,0.83,1.54,0.95v4.29\r\n\tC35.84,26.42,34.92,27.9,35.32,29.35z M37.8,30.24c-0.87,0-1.58-0.71-1.58-1.58s0.71-1.57,1.58-1.57s1.58,0.7,1.58,1.57\r\n\tS38.67,30.24,37.8,30.24z\"\/>\r\n<\/svg>                                <span class=\"mas simbolo\">+<\/span>\r\n                                <span class=\"menos simbolo\">\u2013<\/span>\r\n                            <\/a>\r\n                            <h4>Validaci\u00f3n del Modelo de Simulaci\u00f3n<\/h4>\r\n\r\n                        <\/li>\r\n\t\t\t\t\t\t            <\/ul>\r\n        <div>\r\n            <div class=\"fases-opciones\">\r\n                                        <div>\r\n                            <div id=\"opcion1\" class=\"opcion\">\r\n                                <h3>Estudios de Conexi\u00f3n a Red El\u00e9ctrica<\/h3>                                <section class=\"opcion-contenido\">\r\n                                    <p>Realizamos los estudios de simulaci\u00f3n en diferentes plataformas software, tales como PowerFactory (DIgSILENT), PSS\/E, PSCAD, y MATLAB-Simulink, etc:<\/p>\n<ul>\n<li><u>Estudio de flujo de potencia<\/u>: el objetivo de este estudio es comprobar las tensiones y cargas de los buses de los equipos de potencia y l\u00edneas de transmisi\u00f3n de la red el\u00e9ctrica para varios escenarios de operaci\u00f3n para determinar si la conexi\u00f3n de la central el\u00e9ctrica a la red es factible. Tambi\u00e9n se utiliza para determinar las p\u00e9rdidas de potencia activa m\u00e1ximas o estad\u00edsticas en cada elemento de la red, para su optimizaci\u00f3n.<\/li>\n<li><u>Estudio de an\u00e1lisis de contingencias<\/u>: adem\u00e1s de evaluar el flujo de potencia para diferentes escenarios de operaci\u00f3n, se comprueban las tensiones y cargas de los equipos de potencia y l\u00edneas de transmisi\u00f3n para detectar varias contingencias de la red (N-1, N-1-1, N-2).<\/li>\n<li><u>An\u00e1lisis de cortocircuito:<\/u> el objetivo de este estudio es comprobar la corriente m\u00e1xima de cortocircuito que puede producirse en la red el\u00e9ctrica debido a la conexi\u00f3n de la central el\u00e9ctrica para varios escenarios de operaci\u00f3n.<\/li>\n<li><u>Estudio de la calidad de la energ\u00eda<\/u>: este estudio tiene como objetivo determinar la calidad de la energ\u00eda en el punto de conexi\u00f3n de la planta de energ\u00eda para dimensionar los filtros de arm\u00f3nicos si es necesario.<\/li>\n<li><u>Estudio de estabilidad transitoria<\/u>: el objetivo de este estudio es evaluar la respuesta transitoria de la central el\u00e9ctrica en caso de perturbaciones en la red y definir los par\u00e1metros para cumplir con los requisitos del c\u00f3digo de red.<\/li>\n<li><u>Estudios din\u00e1micos<\/u>: este estudio tiene como objetivo evaluar los modos de control de potencia-frecuencia activa y control de potencia reactiva del controlador de la planta de energ\u00eda, determinar si se requiere un STATCOM y su caracterizaci\u00f3n, y definir los par\u00e1metros para cumplir con los requisitos del c\u00f3digo de red.<\/li>\n<li><u>Estudio de transitorios electromagn\u00e9ticos (EMT)<\/u>: el objetivo de este estudio es determinar los transitorios de corriente de entrada y voltaje debidos a la energizaci\u00f3n de transformadores, l\u00edneas, condensadores u otros elementos de la planta de energ\u00eda, y proponer protocolos o elementos de operaci\u00f3n espec\u00edficos para reducir el impacto.<\/li>\n<li><u>Estudios de cumplimiento de la conexi\u00f3n al c\u00f3digo de red: <\/u>contamos con una amplia experiencia en la evaluaci\u00f3n del cumplimiento de c\u00f3digos de conexi\u00f3n a red en diferentes pa\u00edses, como Espa\u00f1a, Italia, Portugal, Brasil, M\u00e9xico, Costa Rica, Per\u00fa, Bolivia Jordania, Marruecos, T\u00fanez, Mauritania, Etiop\u00eda y Sud\u00e1frica, entre otros.<\/li>\n<li><u>Estudios el\u00e9ctricos para la resoluci\u00f3n de problemas<\/u>: una vez que la central est\u00e1 conectada a la red, se podr\u00edan desarrollar algunos estudios adicionales, como pruebas de puesta en marcha, o estudios espec\u00edficos para determinar un par\u00e1metro concreto o solucionar un problema en una central el\u00e9ctrica.<\/li>\n<\/ul>\n                                <\/section>\r\n                            <\/div>\r\n                        <\/div>\r\n                                                <div>\r\n                            <div id=\"opcion2\" class=\"opcion\">\r\n                                <h3>Estudios El\u00e9ctricos Avanzados<\/h3>                                <section class=\"opcion-contenido\">\r\n                                    <p>Realizamos estudios el\u00e9ctricos avanzados en diferentes plataformas como PowerFactory (DIgSILENT), PSS\/E, PSCAD, ANATEM, ATP-EMTP etc. Los estudios que ofrecemos incluyen:<\/p>\n<ul>\n<li>Auditor\u00edas t\u00e9cnicas de parques e\u00f3licos<\/li>\n<li>Simulaciones din\u00e1micas de parques e\u00f3licos<\/li>\n<li>L\u00edmites de operaci\u00f3n de plantas de energ\u00eda (Curva P- Q)<\/li>\n<li>Estudios para la adaptaci\u00f3n de parques e\u00f3licos antiguos a los nuevos c\u00f3digos de red<\/li>\n<li>Simulaciones din\u00e1micas de parques e\u00f3licos<\/li>\n<li>Comportamiento del parque e\u00f3lico<\/li>\n<\/ul>\n                                <\/section>\r\n                            <\/div>\r\n                        <\/div>\r\n                                                <div>\r\n                            <div id=\"opcion3\" class=\"opcion\">\r\n                                <h3>Validaci\u00f3n del Modelo de Simulaci\u00f3n<\/h3>                                <section class=\"opcion-contenido\">\r\n                                    <p>La validaci\u00f3n del modelo de simulaci\u00f3n est\u00e1 destinada a mostrar que un modelo matem\u00e1tico se comporta din\u00e1micamente de la misma forma que el elemento real ante la misma perturbaci\u00f3n reproduciendo su respuesta.<\/p>\n<p>Actualmente, la mayor\u00eda de los operadores requiere modelos de simulaci\u00f3n de plantas que cumplan o que est\u00e9n validados para las condiciones operativas en sus instalaciones. Estos incluyen modelos de simulaci\u00f3n de inversores fotovoltaicos, sistemas de almacenamiento, aerogeneradores, controladores de plantas simples o h\u00edbridas, STATCOM, etc. <\/p>\n<p>Realizamos pruebas para la validaci\u00f3n de los modelos y todas las simulaciones de dise\u00f1o y parametrizaci\u00f3n para cumplir con los requisitos del operador local. La norma IEC 61400-27 valida los modelos de simulaci\u00f3n de turbinas e\u00f3licas para eventos din\u00e1micos del sistema de energ\u00eda. Estamos acreditados para las validaciones de la norma IEC 61400-27-1, IEC 61400-27-12 y FGW TG4 y hemos contribuido a su desarrollo. Desde 2007, somos pioneros en validaciones de modelos seg\u00fan normas espa\u00f1olas y alemanas, especializ\u00e1ndonos en la validaci\u00f3n precisa de modelos de simulaci\u00f3n el\u00e9ctrica para sistemas de energ\u00edas renovables.<\/p>\n                                <\/section>\r\n                            <\/div>\r\n                        <\/div>\r\n                                    <\/div>\r\n        \r\n\r\n    <\/div><!-- \/ .bloque -->\r\n\r\n\n\n\n<h2 class=\"wp-block-heading\">OTRAS ACTIVIDADES PARA ESPA\u00d1A<\/h2>\n\n\n\n<h3 class=\"wp-block-heading\">SIMULACIONES ACREDITADAS SEG\u00daN NTS PARA NUEVAS PLANTAS E HIBRIDACIONES EL\u00c9CTRICAS EN ESPA\u00d1A<\/h3>\n\n\n\n<p>Hemos sido acreditados por la Entidad Nacional de Acreditaci\u00f3n (ENAC) para la realizaci\u00f3n de simulaciones complementarias y simulaciones para la validaci\u00f3n de modelos de acuerdo con la norma t\u00e9cnica de seguimiento de la conformidad de m\u00f3dulos de generaci\u00f3n el\u00e9ctrica conforme al Reglamento (UE) 2016\/631 (NTS), convirti\u00e9ndonos en la primera entidad que ofrece ensayos acreditados por NTS y simulaciones complementarias acreditadas por NTS.<\/p>\n\n\n\n<p>El alcance de la acreditaci\u00f3n NTS de ENERGY TO QUALITY incluye los servicios requeridos por la NTS para nuevas plantas de energ\u00eda renovable, tales como:<\/p>\n\n\n\n<ul class=\"wp-block-list\">\n<li>Simulaciones para la validaci\u00f3n del modelo de UGE y CAMGE seg\u00fan NTS.<\/li>\n\n\n\n<li>Simulaciones complementarias para la obtenci\u00f3n del certificado final MGE.<\/li>\n<\/ul>\n\n\n\n<div style=\"height:30px\" aria-hidden=\"true\" class=\"wp-block-spacer\"><\/div>\n\n\n\n<h3 class=\"wp-block-heading\">AMORTIGUACI\u00d3N DE OSCILACIONES DE POTENCIA PARA M\u00d3DULOS POWER PARK<\/h3>\n\n\n\n<p>Este es un requisito adicional para el cumplimiento de NTS, y las simulaciones y el informe requerido no tienen que ser realizados por una entidad acreditada.<br>El objetivo de este estudio es verificar que el m\u00f3dulo de parque el\u00e9ctrico es capaz de:<\/p>\n\n\n\n<ul class=\"wp-block-list\">\n<li>Amortiguaci\u00f3n de las oscilaciones de potencia de frecuencia entre 0,1 Hz y 1,5 Hz mediante un sistema de control destinado a tal fin<\/li>\n<\/ul>\n\n\n\n<p>o, si no dispone de dicho sistema de control,<\/p>\n\n\n\n<ul class=\"wp-block-list\">\n<li>no deteriorar la amortiguaci\u00f3n de las oscilaciones de potencia existentes en el punto de conexi\u00f3n entre 0,1 Hz y 1,5 Hz.<\/li>\n<\/ul>\n\n\n\n<div style=\"height:30px\" aria-hidden=\"true\" class=\"wp-block-spacer\"><\/div>\n\n\n\n<h3 class=\"wp-block-heading\">ESTUDIOS PARA EL CUMPLIMIENTO DEL PO9 EN ESPA\u00d1A<\/h3>\n\n\n\n<p>Tambi\u00e9n realizamos los siguientes estudios requeridos por P.O. 9.0:<\/p>\n\n\n\n<ul class=\"wp-block-list\">\n<li>An\u00e1lisis de distorsi\u00f3n arm\u00f3nica y flicker en el punto de conexi\u00f3n a red seg\u00fan IEC 61000-3-6.<\/li>\n\n\n\n<li>Validaci\u00f3n de modelos din\u00e1micos de unidades generadoras y componentes din\u00e1micos adicionales de la planta (PPS, STATCOM, SVC&#8230;).<\/li>\n<\/ul>\n\n\n\n<div style=\"height:30px\" aria-hidden=\"true\" class=\"wp-block-spacer\"><\/div>\n\n\n\n<h3 class=\"wp-block-heading\">CONSULTOR\u00cdA ESPECIALIZADA RELACIONADA CON LICITACIONES Y PROCESOS DE ACCESO Y CONEXI\u00d3N EN ESPA\u00d1A<\/h3>\n\n\n\n<p>Nuestro equipo de ingenieros el\u00e9ctricos participa activamente en grupos de trabajo a trav\u00e9s del operador nacional y diferentes asociaciones sectoriales para conocer, analizar y sugerir mejoras en las distintas alternativas t\u00e9cnicas de acceso y conexi\u00f3n a la red en Espa\u00f1a, seg\u00fan la normativa vigente RD 1183\/2020. Circular 1\/2021, RD 647\/2020. Se desarrollan las siguientes actividades:<\/p>\n\n\n\n<ul class=\"wp-block-list\">\n<li>Valoraci\u00f3n y optimizaci\u00f3n del proyecto para aumentar la probabilidad de \u00e9xito en el proceso de acceso y conexi\u00f3n en caso de nudos sujetos a licitaci\u00f3n.<\/li>\n\n\n\n<li>An\u00e1lisis con los fabricantes de las mejores tecnolog\u00edas y su CAPEX (POD, STATCOM, condensadores s\u00edncronos, etc).<\/li>\n\n\n\n<li>Estudios previos y simulaciones, si necesarios.<\/li>\n\n\n\n<li>Desarrollo de la ingenier\u00eda y documentaci\u00f3n requerida seg\u00fan lo establecido por el operador.<\/li>\n\n\n\n<li>Soporte t\u00e9cnico para la carga de datos a la plataforma del operador.<\/li>\n\n\n\n<li>Seguimiento y acompa\u00f1amiento en cualquier consulta por parte del operador en el proceso.<\/li>\n<\/ul>\n\n\n\n<div style=\"height:30px\" aria-hidden=\"true\" class=\"wp-block-spacer\"><\/div>\n\n\n\r\n\t<div class=\"bloque bloque-contacto alignfull\">\r\n\r\n\t\t<div class=\"contenedor\">\r\n\r\n\t\t\t\t\t\t\t<h3 style=\"margin-bottom: 40px;\">CONT\u00c1CTANOS PARA M\u00c1S INFORMACI\u00d3N <\/h3>\r\n\t\t\t\r\n\t\t\t<div class=\"bloque-contacto__contenido\">\r\n\r\n\t\t\t\t\t\t\t\t<div class=\"bloque-contacto__contenido__persona\">\r\n                    \t\t\t\t\t<a href=\"\/es\/contacto\/\" title=\"\">\r\n\t\t\t\t\t\tContacto\t\t\t\t\t<\/a>\r\n\t\t\t\t<\/div><!-- \/ .bloque-contacto__contenido__persona -->\r\n\r\n\t\t\t<\/div><!-- \/ .bloque-contacto__contenido -->\r\n\r\n\t\t<\/div><!-- \/.contenedor -->\r\n\r\n\t<\/div><!-- \/ .bloque-contacto -->\r\n\r\n","protected":false},"excerpt":{"rendered":"<p>En Barlovento Applus+, contamos con un departamento dedicado a la consultor\u00eda el\u00e9ctrica avanzada para las energ\u00edas renovables que realiza estudios [&hellip;]<\/p>\n","protected":false},"author":5,"featured_media":0,"parent":0,"menu_order":0,"comment_status":"closed","ping_status":"closed","template":"template-services.php","meta":{"_acf_changed":false,"footnotes":""},"class_list":["post-9069","page","type-page","status-publish","hentry"],"acf":[],"_links":{"self":[{"href":"https:\/\/barloventoapplus.com\/es\/wp-json\/wp\/v2\/pages\/9069","targetHints":{"allow":["GET"]}}],"collection":[{"href":"https:\/\/barloventoapplus.com\/es\/wp-json\/wp\/v2\/pages"}],"about":[{"href":"https:\/\/barloventoapplus.com\/es\/wp-json\/wp\/v2\/types\/page"}],"author":[{"embeddable":true,"href":"https:\/\/barloventoapplus.com\/es\/wp-json\/wp\/v2\/users\/5"}],"replies":[{"embeddable":true,"href":"https:\/\/barloventoapplus.com\/es\/wp-json\/wp\/v2\/comments?post=9069"}],"version-history":[{"count":1,"href":"https:\/\/barloventoapplus.com\/es\/wp-json\/wp\/v2\/pages\/9069\/revisions"}],"predecessor-version":[{"id":10790,"href":"https:\/\/barloventoapplus.com\/es\/wp-json\/wp\/v2\/pages\/9069\/revisions\/10790"}],"wp:attachment":[{"href":"https:\/\/barloventoapplus.com\/es\/wp-json\/wp\/v2\/media?parent=9069"}],"curies":[{"name":"wp","href":"https:\/\/api.w.org\/{rel}","templated":true}]}}