{"id":8385,"date":"2024-06-27T17:53:35","date_gmt":"2024-06-27T15:53:35","guid":{"rendered":"http:\/\/w2w\/wpbarlovento\/?page_id=8385"},"modified":"2026-02-17T09:41:13","modified_gmt":"2026-02-17T08:41:13","slug":"acreditaciones","status":"publish","type":"page","link":"https:\/\/barloventoapplus.com\/es\/acreditaciones\/","title":{"rendered":"Acreditaciones y Certificados"},"content":{"rendered":"\n<div class=\"wp-block-group presencia-internacional\"><div class=\"wp-block-group__inner-container is-layout-flow wp-block-group-is-layout-flow\">\n<p>El equipo de expertos de Barlovento Applus+ cuenta con un conocimiento t\u00e9cnico exhaustivo en el sector e\u00f3lico y de energ\u00edas renovables. Nuestros servicios especializados est\u00e1n acreditados y certificados conforme a diversas normativas internacionales, lo que certifica su elevada competencia t\u00e9cnica y confiabilidad.<\/p>\n\n\n\n<p>En el \u00e1mbito de la calidad, los laboratorios de Barlovento Applus+ disponen de acreditaci\u00f3n seg\u00fan la norma IEC-17025 para una variedad de pruebas. Asimismo, son miembros de la red de laboratorios <a href=\"https:\/\/www.measnet.com\/\" target=\"_blank\" rel=\"noreferrer noopener\">MEASNET<\/a>, para asegurar la m\u00e1s alta calidad de las mediciones en el sector e\u00f3lico, y forman parte de <a href=\"https:\/\/www.iecre.org\/home\" target=\"_blank\" rel=\"noreferrer noopener\">IECRE<\/a>.<\/p>\n\n\n\n<p>Adem\u00e1s, Barlovento Applus+ se encuentra certificado bajo los est\u00e1ndares ISO 45001 e ISO 14001, que muestran, respectivamente, nuestra implicaci\u00f3n con la seguridad de nuestros trabajadores y con la salvaguarda del medio ambiente durante la realizaci\u00f3n de nuestras actividades.<\/p>\n\n\n\n<p>Pueden comprobar el alcance y emplazamiento de estas certificaciones en los anexos t\u00e9cnicos adjuntos.<\/p>\n<\/div><\/div>\n\n\n\n<div class=\"wp-block-group\"><div class=\"wp-block-group__inner-container is-layout-constrained wp-block-group-is-layout-constrained\">\n<h3 class=\"wp-block-heading\">ACREDITACIONES ISO 17025 &#8211; ENAC<\/h3>\n\n\n\n<div class=\"wp-block-columns is-layout-flex wp-container-core-columns-is-layout-9d6595d7 wp-block-columns-is-layout-flex\">\n<div class=\"wp-block-column is-layout-flow wp-block-column-is-layout-flow\">\n<h4 class=\"wp-block-heading has-text-align-center\">ENSAYOS DE AEROGENERADORES, MEDICI\u00d3N DE PAR\u00c1METROS E\u00d3LICOS Y SOLARES<\/h4>\n\n\n\n<div class=\"wp-block-columns is-layout-flex wp-container-core-columns-is-layout-9d6595d7 wp-block-columns-is-layout-flex\">\n<div class=\"wp-block-column is-layout-flow wp-block-column-is-layout-flow\">\n<h5 class=\"wp-block-heading has-text-align-center\">ENAC 437\/LE1004<\/h5>\n\n\n\n<figure class=\"wp-block-image size-full\"><img loading=\"lazy\" decoding=\"async\" width=\"1190\" height=\"1683\" src=\"https:\/\/barloventoapplus.com\/wp-content\/uploads\/ENAC_437_LE1004.jpg\" alt=\"\" class=\"wp-image-11087\" srcset=\"https:\/\/barloventoapplus.com\/wp-content\/uploads\/ENAC_437_LE1004.jpg 1190w, https:\/\/barloventoapplus.com\/wp-content\/uploads\/ENAC_437_LE1004-768x1086.jpg 768w, https:\/\/barloventoapplus.com\/wp-content\/uploads\/ENAC_437_LE1004-1086x1536.jpg 1086w\" sizes=\"auto, (max-width: 1190px) 100vw, 1190px\" \/><\/figure>\n\n\n\n<center>\n<a href=\"https:\/\/barloventoapplus.com\/wp-content\/uploads\/ENAC_437_LE1004.pdf\" download=\"\" target=\"_blank\" rel=\"noopener noreferrer\">\n<img loading=\"lazy\" decoding=\"async\" src=\"https:\/\/barloventoapplus.com\/wp-content\/uploads\/pdf-download-150x150-1.png\" alt=\"Download\" width=\"50\" height=\"50\"\/><\/a><\/center>\n<\/div>\n\n\n\n<div class=\"wp-block-column is-layout-flow wp-block-column-is-layout-flow\">\n<h5 class=\"wp-block-heading has-text-align-center\">A.T. ENAC 437\/LE1004<\/h5>\n\n\n\n<figure class=\"wp-block-image size-full is-style-default\"><img loading=\"lazy\" decoding=\"async\" width=\"1190\" height=\"1684\" src=\"https:\/\/barloventoapplus.com\/wp-content\/uploads\/AT_ENAC_437_LE1004.jpg\" alt=\"\" class=\"wp-image-11081\" srcset=\"https:\/\/barloventoapplus.com\/wp-content\/uploads\/AT_ENAC_437_LE1004.jpg 1190w, https:\/\/barloventoapplus.com\/wp-content\/uploads\/AT_ENAC_437_LE1004-768x1087.jpg 768w, https:\/\/barloventoapplus.com\/wp-content\/uploads\/AT_ENAC_437_LE1004-1085x1536.jpg 1085w\" sizes=\"auto, (max-width: 1190px) 100vw, 1190px\" \/><\/figure>\n\n\n\n<center>\n<a href=\"https:\/\/barloventoapplus.com\/wp-content\/uploads\/AT_ENAC_437_LE1004.pdf\" download=\"\" target=\"_blank\" rel=\"noopener noreferrer\">\n<img loading=\"lazy\" decoding=\"async\" src=\"https:\/\/barloventoapplus.com\/\/wp-content\/uploads\/pdf-download-150x150-1.png\" alt=\"Download\" width=\"50\" height=\"50\"\/><\/a><\/center>\n<\/div>\n<\/div>\n<\/div>\n\n\n\n<div class=\"wp-block-column is-layout-flow wp-block-column-is-layout-flow\">\n<h4 class=\"wp-block-heading has-text-align-center\">PAR\u00c1METROS EL\u00c9CTRICOS <br> Y SIMULACIONES<\/h4>\n\n\n\n<div class=\"wp-block-columns is-layout-flex wp-container-core-columns-is-layout-9d6595d7 wp-block-columns-is-layout-flex\">\n<div class=\"wp-block-column is-layout-flow wp-block-column-is-layout-flow\" style=\"flex-basis:200px\">\n<h5 class=\"wp-block-heading has-text-align-center\">ENAC 437\/LE1315<\/h5>\n\n\n\n<figure class=\"wp-block-image size-full\"><img loading=\"lazy\" decoding=\"async\" width=\"1190\" height=\"1683\" src=\"https:\/\/barloventoapplus.com\/wp-content\/uploads\/ENAC_437_LE1315.jpg\" alt=\"\" class=\"wp-image-11090\" srcset=\"https:\/\/barloventoapplus.com\/wp-content\/uploads\/ENAC_437_LE1315.jpg 1190w, https:\/\/barloventoapplus.com\/wp-content\/uploads\/ENAC_437_LE1315-768x1086.jpg 768w, https:\/\/barloventoapplus.com\/wp-content\/uploads\/ENAC_437_LE1315-1086x1536.jpg 1086w\" sizes=\"auto, (max-width: 1190px) 100vw, 1190px\" \/><\/figure>\n\n\n\n<center>\n<a href=\"https:\/\/barloventoapplus.com\/wp-content\/uploads\/ENAC_437_LE1315.pdf\" download=\"\" target=\"_blank\" rel=\"noopener noreferrer\">\n<img loading=\"lazy\" decoding=\"async\" src=\"https:\/\/barloventoapplus.com\/wp-content\/uploads\/pdf-download-150x150-1.png\" alt=\"Download\" width=\"50\" height=\"50\"\/><\/a><\/center>\n<\/div>\n\n\n\n<div class=\"wp-block-column is-layout-flow wp-block-column-is-layout-flow\" style=\"flex-basis:200px\">\n<h5 class=\"wp-block-heading has-text-align-center\">A.T. ENAC 437\/LE1315<\/h5>\n\n\n\n<figure class=\"wp-block-image size-full\"><img loading=\"lazy\" decoding=\"async\" width=\"1190\" height=\"1684\" src=\"https:\/\/barloventoapplus.com\/wp-content\/uploads\/AT_ENAC_437_LE1315.jpg\" alt=\"\" class=\"wp-image-11084\" style=\"object-fit:cover\" srcset=\"https:\/\/barloventoapplus.com\/wp-content\/uploads\/AT_ENAC_437_LE1315.jpg 1190w, https:\/\/barloventoapplus.com\/wp-content\/uploads\/AT_ENAC_437_LE1315-768x1087.jpg 768w, https:\/\/barloventoapplus.com\/wp-content\/uploads\/AT_ENAC_437_LE1315-1085x1536.jpg 1085w\" sizes=\"auto, (max-width: 1190px) 100vw, 1190px\" \/><\/figure>\n\n\n\n<center>\n<a href=\"https:\/\/barloventoapplus.com\/wp-content\/uploads\/AT_ENAC_437_LE1315.pdf\" download=\"\" target=\"_blank\" rel=\"noopener noreferrer\">\n<img loading=\"lazy\" decoding=\"async\" src=\"https:\/\/barloventoapplus.com\/wp-content\/uploads\/pdf-download-150x150-1.png\" alt=\"Download\" width=\"50\" height=\"50\"\/><\/a><\/center>\n<\/div>\n<\/div>\n<\/div>\n<\/div>\n<\/div><\/div>\n\n\n\n<div class=\"wp-block-group\"><div class=\"wp-block-group__inner-container is-layout-constrained wp-block-group-is-layout-constrained\">\n<h3 class=\"wp-block-heading\">CERTIFICACI\u00d3N ENAC Y MEASNET &#8211; IECRE<\/h3>\n\n\n\n<div class=\"wp-block-columns is-layout-flex wp-container-core-columns-is-layout-9d6595d7 wp-block-columns-is-layout-flex\">\n<div class=\"wp-block-column is-layout-flow wp-block-column-is-layout-flow\"><\/div>\n\n\n\n<div class=\"wp-block-column is-layout-flow wp-block-column-is-layout-flow\" style=\"flex-basis:200px\">\n<h5 class=\"wp-block-heading has-text-align-center\">MEASNET<\/h5>\n\n\n\n<figure class=\"wp-block-image size-full\"><img loading=\"lazy\" decoding=\"async\" width=\"1239\" height=\"1754\" src=\"https:\/\/barloventoapplus.com\/wp-content\/uploads\/BRN_MEASNET.jpg\" alt=\"\" class=\"wp-image-10961\" srcset=\"https:\/\/barloventoapplus.com\/wp-content\/uploads\/BRN_MEASNET.jpg 1239w, https:\/\/barloventoapplus.com\/wp-content\/uploads\/BRN_MEASNET-768x1087.jpg 768w, https:\/\/barloventoapplus.com\/wp-content\/uploads\/BRN_MEASNET-1085x1536.jpg 1085w\" sizes=\"auto, (max-width: 1239px) 100vw, 1239px\" \/><\/figure>\n\n\n\n<center>\n<a href=\"https:\/\/barloventoapplus.com\/wp-content\/uploads\/BRN_MEASNET.pdf\" download=\"\" target=\"_blank\" rel=\"noopener noreferrer\">\n<img loading=\"lazy\" decoding=\"async\" src=\"https:\/\/barloventoapplus.com\/wp-content\/uploads\/pdf-download-150x150-1.png\" alt=\"Download\" width=\"50\" height=\"50\"\/><\/a><\/center>\n<\/div>\n\n\n\n<div class=\"wp-block-column is-layout-flow wp-block-column-is-layout-flow\" style=\"flex-basis:200px\">\n<h5 class=\"wp-block-heading has-text-align-center\">IECRE<\/h5>\n\n\n\n<figure class=\"wp-block-image size-full\"><img loading=\"lazy\" decoding=\"async\" width=\"1241\" height=\"1755\" src=\"https:\/\/barloventoapplus.com\/wp-content\/uploads\/BRN_IECRE.jpg\" alt=\"\" class=\"wp-image-11078\" srcset=\"https:\/\/barloventoapplus.com\/wp-content\/uploads\/BRN_IECRE.jpg 1241w, https:\/\/barloventoapplus.com\/wp-content\/uploads\/BRN_IECRE-768x1086.jpg 768w, https:\/\/barloventoapplus.com\/wp-content\/uploads\/BRN_IECRE-1086x1536.jpg 1086w\" sizes=\"auto, (max-width: 1241px) 100vw, 1241px\" \/><\/figure>\n\n\n\n<center>\n<a href=\"https:\/\/barloventoapplus.com\/wp-content\/uploads\/BRN_IECRE.pdf\" download=\"\" target=\"_blank\" rel=\"noopener noreferrer\">\n<img loading=\"lazy\" decoding=\"async\" src=\"https:\/\/barloventoapplus.com\/wp-content\/uploads\/pdf-download-150x150-1.png\" alt=\"Download\" width=\"50\" height=\"50\"\/><\/a><\/center>\n<\/div>\n\n\n\n<div class=\"wp-block-column is-layout-flow wp-block-column-is-layout-flow\"><\/div>\n<\/div>\n<\/div><\/div>\n\n\n\n<div class=\"wp-block-group\"><div class=\"wp-block-group__inner-container is-layout-constrained wp-block-group-is-layout-constrained\">\n<h3 class=\"wp-block-heading\">NORMAS ISO<\/h3>\n\n\n\n<div class=\"wp-block-columns is-layout-flex wp-container-core-columns-is-layout-9d6595d7 wp-block-columns-is-layout-flex\">\n<div class=\"wp-block-column is-layout-flow wp-block-column-is-layout-flow\"><\/div>\n\n\n\n<div class=\"wp-block-column is-layout-flow wp-block-column-is-layout-flow\" style=\"flex-basis:200px\">\n<h5 class=\"wp-block-heading has-text-align-center\">ISO 14001<\/h5>\n\n\n\n<figure class=\"wp-block-image size-full\"><img loading=\"lazy\" decoding=\"async\" width=\"1241\" height=\"1754\" src=\"https:\/\/barloventoapplus.com\/wp-content\/uploads\/GBRN_ISO14001_EN.jpg\" alt=\"\" class=\"wp-image-11131\" srcset=\"https:\/\/barloventoapplus.com\/wp-content\/uploads\/GBRN_ISO14001_EN.jpg 1241w, https:\/\/barloventoapplus.com\/wp-content\/uploads\/GBRN_ISO14001_EN-768x1085.jpg 768w, https:\/\/barloventoapplus.com\/wp-content\/uploads\/GBRN_ISO14001_EN-1087x1536.jpg 1087w\" sizes=\"auto, (max-width: 1241px) 100vw, 1241px\" \/><\/figure>\n\n\n\n<center>\n<a href=\"https:\/\/barloventoapplus.com\/wp-content\/uploads\/GBRN_ISO14001_ES.pdf\" download=\"\" target=\"_blank\" rel=\"noopener noreferrer\">\n<img loading=\"lazy\" decoding=\"async\" src=\"https:\/\/barloventoapplus.com\/wp-content\/uploads\/pdf-download-150x150-1.png\" alt=\"Download\" width=\"50\" height=\"50\"\/><\/a><\/center>\n<\/div>\n\n\n\n<div class=\"wp-block-column is-layout-flow wp-block-column-is-layout-flow\" style=\"flex-basis:200px\">\n<h5 class=\"wp-block-heading has-text-align-center\">ISO 45001<\/h5>\n\n\n\n<figure class=\"wp-block-image size-full\"><img loading=\"lazy\" decoding=\"async\" width=\"1241\" height=\"1754\" src=\"https:\/\/barloventoapplus.com\/wp-content\/uploads\/GBRN_ISO45001_EN.jpg\" alt=\"\" class=\"wp-image-11134\" srcset=\"https:\/\/barloventoapplus.com\/wp-content\/uploads\/GBRN_ISO45001_EN.jpg 1241w, https:\/\/barloventoapplus.com\/wp-content\/uploads\/GBRN_ISO45001_EN-768x1085.jpg 768w, https:\/\/barloventoapplus.com\/wp-content\/uploads\/GBRN_ISO45001_EN-1087x1536.jpg 1087w\" sizes=\"auto, (max-width: 1241px) 100vw, 1241px\" \/><\/figure>\n\n\n\n<center>\n<a href=\"https:\/\/barloventoapplus.com\/wp-content\/uploads\/GBRN_ISO45001_ES.pdf\" download=\"\" target=\"_blank\" rel=\"noopener noreferrer\">\n<img loading=\"lazy\" decoding=\"async\" src=\"https:\/\/barloventoapplus.com\/wp-content\/uploads\/pdf-download-150x150-1.png\" alt=\"Download\" width=\"50\" height=\"50\"\/><\/a><\/center>\n<\/div>\n\n\n\n<div class=\"wp-block-column is-layout-flow wp-block-column-is-layout-flow\"><\/div>\n<\/div>\n<\/div><\/div>\n","protected":false},"excerpt":{"rendered":"<p>El equipo de expertos de Barlovento Applus+ cuenta con un conocimiento t\u00e9cnico exhaustivo en el sector e\u00f3lico y de energ\u00edas [&hellip;]<\/p>\n","protected":false},"author":5,"featured_media":0,"parent":0,"menu_order":2,"comment_status":"closed","ping_status":"closed","template":"template-company.php","meta":{"_acf_changed":false,"footnotes":""},"class_list":["post-8385","page","type-page","status-publish","hentry"],"acf":[],"_links":{"self":[{"href":"https:\/\/barloventoapplus.com\/es\/wp-json\/wp\/v2\/pages\/8385","targetHints":{"allow":["GET"]}}],"collection":[{"href":"https:\/\/barloventoapplus.com\/es\/wp-json\/wp\/v2\/pages"}],"about":[{"href":"https:\/\/barloventoapplus.com\/es\/wp-json\/wp\/v2\/types\/page"}],"author":[{"embeddable":true,"href":"https:\/\/barloventoapplus.com\/es\/wp-json\/wp\/v2\/users\/5"}],"replies":[{"embeddable":true,"href":"https:\/\/barloventoapplus.com\/es\/wp-json\/wp\/v2\/comments?post=8385"}],"version-history":[{"count":18,"href":"https:\/\/barloventoapplus.com\/es\/wp-json\/wp\/v2\/pages\/8385\/revisions"}],"predecessor-version":[{"id":11136,"href":"https:\/\/barloventoapplus.com\/es\/wp-json\/wp\/v2\/pages\/8385\/revisions\/11136"}],"wp:attachment":[{"href":"https:\/\/barloventoapplus.com\/es\/wp-json\/wp\/v2\/media?parent=8385"}],"curies":[{"name":"wp","href":"https:\/\/api.w.org\/{rel}","templated":true}]}}