{"id":68,"date":"2014-06-16T11:21:33","date_gmt":"2014-06-16T09:21:33","guid":{"rendered":"http:\/\/www.enertis.es\/?page_id=68"},"modified":"2026-01-26T16:38:26","modified_gmt":"2026-01-26T15:38:26","slug":"sobre-nosotros","status":"publish","type":"page","link":"https:\/\/barloventoapplus.com\/es\/sobre-nosotros\/","title":{"rendered":"Empresa"},"content":{"rendered":"\n<div class=\"wp-block-group presencia-internacional\"><div class=\"wp-block-group__inner-container is-layout-flow wp-block-group-is-layout-flow\">\n<h3 class=\"wp-block-heading\" id=\"international-presence\">UNA FIRMA GLOBAL DE CONSULTOR\u00cdA E INGENIER\u00cdA PARA PROYECTOS E\u00d3LICOS<\/h3>\n\n\n\n<p>Somos una firma global de consultor\u00eda e ingenier\u00eda en el sector de energ\u00edas renovables que ayudar a sus clientes en el dise\u00f1o, financiaci\u00f3n y construcci\u00f3n de sus proyectos e\u00f3licos terrestres y marinos en cualquier parte del mundo.<br><br>Contamos con oficinas en 9 pa\u00edses y nuestro equipo de expertos altamente especializados opera en 60 pa\u00edses en todo el mundo.<br><br>Algunos datos destacados de nuestra amplia experiencia en el sector e\u00f3lico incluyen:<\/p>\n\n\n\n<figure class=\"wp-block-image size-full is-resized\"><img loading=\"lazy\" decoding=\"async\" width=\"2560\" height=\"1443\" src=\"https:\/\/barloventoapplus.com\/wp-content\/uploads\/Mapa-web-cifras-Barlovento_ES-scaled.jpg\" alt=\"\" class=\"wp-image-11050\" style=\"width:1117px;height:auto\" srcset=\"https:\/\/barloventoapplus.com\/wp-content\/uploads\/Mapa-web-cifras-Barlovento_ES-scaled.jpg 2560w, https:\/\/barloventoapplus.com\/wp-content\/uploads\/Mapa-web-cifras-Barlovento_ES-768x433.jpg 768w, https:\/\/barloventoapplus.com\/wp-content\/uploads\/Mapa-web-cifras-Barlovento_ES-1536x866.jpg 1536w, https:\/\/barloventoapplus.com\/wp-content\/uploads\/Mapa-web-cifras-Barlovento_ES-2048x1155.jpg 2048w\" sizes=\"auto, (max-width: 2560px) 100vw, 2560px\" \/><\/figure>\n<\/div><\/div>\n\n\n\n<div class=\"wp-block-group alignfull has-background\" style=\"background-color:#f7f7f7\"><div class=\"wp-block-group__inner-container is-layout-constrained wp-block-group-is-layout-constrained\">\n<h3 class=\"wp-block-heading\">NUESTRA HISTORIA Y NUESTRA CULTURA<\/h3>\n\n\n\n<p>Desde 1998, contribuimos de forma activa al desarrollo de un mundo m\u00e1s sostenible aportando nuestro profundo conocimiento t\u00e9cnico del sector e\u00f3lico. Nuestros valores son independencia, proximidad al cliente y calidad.<\/p>\n\n\n\n<p>En 2005, fundamos Energy to Quality (E2Q), firma orientada a la integraci\u00f3n de las renovables en la red el\u00e9ctrica y laboratorio acreditado para realizar diferentes <a href=\"https:\/\/barloventoapplus.com\/es\/consultoria-electrica-avanzada\/\">ensayos el\u00e9ctricos avanzados.<\/a><br><br>Desde 2023 formamos parte de <a href=\"https:\/\/www.applus.com\/global\/es\/\" target=\"_blank\" rel=\"noreferrer noopener\">Applus+<\/a>, una de las empresas l\u00edderes mundiales en el sector de inspecci\u00f3n, ensayos y certificaci\u00f3n, con m\u00e1s de 20 a\u00f1os de experiencia en el sector de las energ\u00edas renovables. Desde Barlovento Applus+, compartimos los valores de imparcialidad, independencia e integridad, as\u00ed como el <a href=\"https:\/\/www.applus.com\/global\/es\/about-us\/ethics-and-compliance\" target=\"_blank\" rel=\"noreferrer noopener\">C\u00f3digo \u00c9tico de Applus+<\/a> y el resto de las pol\u00edticas del Compliance Management System del grupo. Si deseas plantear alguna consulta, o reportar alg\u00fan posible incumplimiento, puedes hacerlo a trav\u00e9s del <a href=\"https:\/\/applusethicsandcompliance.integrityline.com\/?lang=es\" target=\"_blank\" rel=\"noreferrer noopener\">Canal de Comunicaciones de Ethics &amp; Compliance.<\/a><br><br>Adem\u00e1s, consideramos que nuestro equipo es fundamental para nuestro \u00e9xito, por lo que ofrecemos un entorno de trabajo seguro, diverso e inclusivo, garantizando la igualdad de oportunidades y fomentando la flexibilidad, el desarrollo profesional y la estabilidad.<\/p>\n\n\n\n<p>En Barlovento Applus+, estamos comprometidos con el cumplimiento de la legislaci\u00f3n vigente en los diferentes mercados en los que operamos. Es por ello que, adem\u00e1s de nuestra <a href=\"\/wp-content\/uploads\/POLITICA_BRN_ES.pdf\" target=\"_blank\" rel=\"noreferrer noopener\">Pol\u00edtica de Calidad<\/a>, ponemos a disposici\u00f3n los documentos espec\u00edficos de algunos de los pa\u00edses en los que operamos:<\/p>\n\n\n\n<ul class=\"wp-block-list\">\n<li><strong>Per\u00fa:<\/strong> <a href=\"\/wp-content\/uploads\/BRN-PR_SSTyMA.pdf\" target=\"_blank\" rel=\"noreferrer noopener\">Pol\u00edtica SST<\/a> donde se establecen los compromisos para el cumplimiento de acuerdos y obligaciones de la empresa para proteger el bienestar del trabajador en base a la Ley 29783.<\/li>\n\n\n\n<li><strong>Chile:<\/strong> <a href=\"\/wp-content\/uploads\/BRN_CL_SW.pdf\" target=\"_blank\" rel=\"noreferrer noopener\">Pol\u00edtica \u201cStop Work\u201d<\/a> que tiene como objetivo que las actividades se realicen de manera segura.<\/li>\n<\/ul>\n<\/div><\/div>\n\n\n\n<div class=\"wp-block-group alignfull has-white-background-color has-background\"><div class=\"wp-block-group__inner-container is-layout-constrained wp-block-group-is-layout-constrained\">\n<h3 class=\"wp-block-heading\">\u00bfPor qu\u00e9 Barlovento Applus+?<\/h3>\n\n\n\n<div style=\"height:15px\" aria-hidden=\"true\" class=\"wp-block-spacer\"><\/div>\n\n\n\n<ul class=\"wp-block-list\">\n<li><strong>Visi\u00f3n objetiva<\/strong>. Somos independientes. Nuestra valoraci\u00f3n siempre se basa en criterios objetivos y proporciona una visi\u00f3n imparcial, lo que ayuda a una mejor gesti\u00f3n del proyecto.<\/li>\n<\/ul>\n\n\n\n<ul class=\"wp-block-list\">\n<li><strong>Proceso completo.<\/strong> Ofrecemos una amplia gama de servicios de <a href=\"https:\/\/barloventoapplus.com\/es\/consultoria\/\">consultor\u00eda<\/a>, <a href=\"https:\/\/barloventoapplus.com\/es\/ingenieria\/\">ingenier\u00eda<\/a> y <a href=\"https:\/\/barloventoapplus.com\/es\/ensayos-de-aerogeneradores\/\">ensayos de aerogeneradores<\/a>, y acompa\u00f1amos a nuestros clientes desde la fase inicial en la que esbozan su idea hasta la puesta en marcha y funcionamiento de sus activos.<\/li>\n<\/ul>\n\n\n\n<ul class=\"wp-block-list\">\n<li><strong>Perspectiva multidisciplinar<\/strong>. Nuestros ingenieros y consultores altamente especializados analizan las necesidades de nuestros clientes desde distintos puntos de vista, aportando una visi\u00f3n multidisciplinar y \u00fanica a cada situaci\u00f3n.<\/li>\n<\/ul>\n\n\n\n<ul class=\"wp-block-list\">\n<li><strong>Clientes satisfechos<\/strong>. La satisfacci\u00f3n de nuestros clientes es nuestra mejor referencia. Contamos con una amplia lista de referencias de clientes que certifican la alta calidad de nuestros servicios.<\/li>\n<\/ul>\n\n\n\n<ul class=\"wp-block-list\">\n<li><strong>Acreditaciones.<\/strong> Nuestros laboratorios est\u00e1n <a href=\"https:\/\/barloventoapplus.com\/es\/acreditaciones\/\">acreditados<\/a> de acuerdo a ISO-17025, normas IEC y normas nacionales para distintos ensayos y campa\u00f1as de medici\u00f3n.<\/li>\n<\/ul>\n\n\n\n<ul class=\"wp-block-list\">\n<li><strong>Estamos cerca de su proyecto<\/strong>. Nuestra presencia internacional nos permite ofrecer a nuestros clientes un enfoque m\u00e1s cercano, comprendiendo las circunstancias propias de los lugares donde se van a desarrollar los proyectos, para dar soluciones adecuadas.<\/li>\n<\/ul>\n<\/div><\/div>\n\n\n\n<div class=\"wp-block-group alignfull empresa-industria has-background\" style=\"background-color:#f7f7f7\"><div class=\"wp-block-group__inner-container is-layout-flow wp-block-group-is-layout-flow\">\n<h3 class=\"wp-block-heading\" id=\"membership\">Participamos en las asociaciones sectoriales<\/h3>\n\n\n\n<p>Somos miembros de las principales asociaciones sectoriales, con las que colaboramos para impulsar el despliegue de los proyectos renovables y de almacenamiento a nivel mundial:<\/p>\n\n\n\r\n    <div class=\"bloque bloque-logos\">\r\n\r\n        <div id=\"bloque-logos__carrusel\">\r\n\r\n\t\t\t\r\n\t\t\t\t\t\r\n\t\t\t\t\t                        <div class=\"logo number-slide1\">\r\n                                                            <a href=\"https:\/\/aeeolica.org\/\">\r\n                                                        <img decoding=\"async\" src=\"https:\/\/barloventoapplus.com\/wp-content\/uploads\/PNG_AEEaee.png\" width=\"120\" height=\"52\" loading=\"lazy\" \/>\r\n                                                            <\/a>\r\n                                                    <\/div><!-- \/ .logo -->\r\n\t\t\t\t\t\r\n\t\t\t\t\r\n\t\t\t\t\t\r\n\t\t\t\t\t                        <div class=\"logo number-slide2\">\r\n                                                            <a href=\"https:\/\/windeurope.org\/\">\r\n                                                        <img decoding=\"async\" src=\"https:\/\/barloventoapplus.com\/wp-content\/uploads\/PNG_WindEurope.png\" width=\"120\" height=\"120\" loading=\"lazy\" \/>\r\n                                                            <\/a>\r\n                                                    <\/div><!-- \/ .logo -->\r\n\t\t\t\t\t\r\n\t\t\t\t\r\n\t\t\t\t\t\r\n\t\t\t\t\t                        <div class=\"logo number-slide3\">\r\n                                                            <a href=\"http:\/\/www.acera.cl\/\">\r\n                                                        <img decoding=\"async\" src=\"https:\/\/barloventoapplus.com\/wp-content\/uploads\/PNG_ACERA.png\" width=\"120\" height=\"120\" loading=\"lazy\" \/>\r\n                                                            <\/a>\r\n                                                    <\/div><!-- \/ .logo -->\r\n\t\t\t\t\t\r\n\t\t\t\t\r\n\t\t\t\t\t\r\n\t\t\t\t\t                        <div class=\"logo number-slide4\">\r\n                                                            <a href=\"http:\/\/www.portalabeeolica.org.br\/\">\r\n                                                        <img decoding=\"async\" src=\"https:\/\/barloventoapplus.com\/wp-content\/uploads\/PNG_ABEEolica.png\" width=\"120\" height=\"120\" loading=\"lazy\" \/>\r\n                                                            <\/a>\r\n                                                    <\/div><!-- \/ .logo -->\r\n\t\t\t\t\t\r\n\t\t\t\t\r\n\t\t\t\t\t\r\n\t\t\t\t\t                        <div class=\"logo number-slide5\">\r\n                                                            <a href=\"http:\/\/www.amdee.org\/\">\r\n                                                        <img decoding=\"async\" src=\"https:\/\/barloventoapplus.com\/wp-content\/uploads\/PNG_AMDEE.png\" width=\"120\" height=\"120\" loading=\"lazy\" \/>\r\n                                                            <\/a>\r\n                                                    <\/div><!-- \/ .logo -->\r\n\t\t\t\t\t\r\n\t\t\t\t\r\n        <\/div><!-- \/ .bloque-logos_carrusel -->\r\n\r\n\r\n    <\/div><!-- \/ .bloque-logos -->\r\n\r\n<\/div><\/div>\n","protected":false},"excerpt":{"rendered":"<p>UNA FIRMA GLOBAL DE CONSULTOR\u00cdA E INGENIER\u00cdA PARA PROYECTOS E\u00d3LICOS Somos una firma global de consultor\u00eda e ingenier\u00eda en el [&hellip;]<\/p>\n","protected":false},"author":5,"featured_media":0,"parent":0,"menu_order":2,"comment_status":"open","ping_status":"closed","template":"template-company.php","meta":{"_acf_changed":false,"footnotes":""},"class_list":["post-68","page","type-page","status-publish","hentry"],"acf":[],"_links":{"self":[{"href":"https:\/\/barloventoapplus.com\/es\/wp-json\/wp\/v2\/pages\/68","targetHints":{"allow":["GET"]}}],"collection":[{"href":"https:\/\/barloventoapplus.com\/es\/wp-json\/wp\/v2\/pages"}],"about":[{"href":"https:\/\/barloventoapplus.com\/es\/wp-json\/wp\/v2\/types\/page"}],"author":[{"embeddable":true,"href":"https:\/\/barloventoapplus.com\/es\/wp-json\/wp\/v2\/users\/5"}],"replies":[{"embeddable":true,"href":"https:\/\/barloventoapplus.com\/es\/wp-json\/wp\/v2\/comments?post=68"}],"version-history":[{"count":6,"href":"https:\/\/barloventoapplus.com\/es\/wp-json\/wp\/v2\/pages\/68\/revisions"}],"predecessor-version":[{"id":11055,"href":"https:\/\/barloventoapplus.com\/es\/wp-json\/wp\/v2\/pages\/68\/revisions\/11055"}],"wp:attachment":[{"href":"https:\/\/barloventoapplus.com\/es\/wp-json\/wp\/v2\/media?parent=68"}],"curies":[{"name":"wp","href":"https:\/\/api.w.org\/{rel}","templated":true}]}}