{"id":141,"date":"2014-06-16T11:22:28","date_gmt":"2014-06-16T09:22:28","guid":{"rendered":"http:\/\/www.enertis.es\/?page_id=141"},"modified":"2025-11-17T14:59:59","modified_gmt":"2025-11-17T13:59:59","slug":"contacto","status":"publish","type":"page","link":"https:\/\/barloventoapplus.com\/es\/contacto\/","title":{"rendered":"Contacto"},"content":{"rendered":"\n<p>En Barlovento Applus+ creemos en un m\u00e9todo de trabajo que asegure la cercan\u00eda a nuestros clientes y su comodidad. Disponemos de oficinas por todo el mundo para ofrecer una atenci\u00f3n personalizada a las necesidades del cliente.<\/p>\n","protected":false},"excerpt":{"rendered":"<p>En Barlovento Applus+ creemos en un m\u00e9todo de trabajo que asegure la cercan\u00eda a nuestros clientes y su comodidad. Disponemos [&hellip;]<\/p>\n","protected":false},"author":5,"featured_media":0,"parent":0,"menu_order":7,"comment_status":"closed","ping_status":"closed","template":"template-contact.php","meta":{"_acf_changed":false,"footnotes":""},"class_list":["post-141","page","type-page","status-publish","hentry"],"acf":[],"_links":{"self":[{"href":"https:\/\/barloventoapplus.com\/es\/wp-json\/wp\/v2\/pages\/141","targetHints":{"allow":["GET"]}}],"collection":[{"href":"https:\/\/barloventoapplus.com\/es\/wp-json\/wp\/v2\/pages"}],"about":[{"href":"https:\/\/barloventoapplus.com\/es\/wp-json\/wp\/v2\/types\/page"}],"author":[{"embeddable":true,"href":"https:\/\/barloventoapplus.com\/es\/wp-json\/wp\/v2\/users\/5"}],"replies":[{"embeddable":true,"href":"https:\/\/barloventoapplus.com\/es\/wp-json\/wp\/v2\/comments?post=141"}],"version-history":[{"count":4,"href":"https:\/\/barloventoapplus.com\/es\/wp-json\/wp\/v2\/pages\/141\/revisions"}],"predecessor-version":[{"id":11040,"href":"https:\/\/barloventoapplus.com\/es\/wp-json\/wp\/v2\/pages\/141\/revisions\/11040"}],"wp:attachment":[{"href":"https:\/\/barloventoapplus.com\/es\/wp-json\/wp\/v2\/media?parent=141"}],"curies":[{"name":"wp","href":"https:\/\/api.w.org\/{rel}","templated":true}]}}