{"id":10385,"date":"2014-06-16T11:22:28","date_gmt":"2014-06-16T09:22:28","guid":{"rendered":"https:\/\/barloventoapplus.com\/contact\/"},"modified":"2025-11-17T14:59:57","modified_gmt":"2025-11-17T13:59:57","slug":"contact","status":"publish","type":"page","link":"https:\/\/barloventoapplus.com\/br\/contact\/","title":{"rendered":"Contato"},"content":{"rendered":"\n<p>Na Barlovento Applus+ acreditamos em um m\u00e9todo de trabalho que garante a proximidade com os nossos clientes e o seu conforto.<br>Temos escrit\u00f3rios em todo o mundo para oferecer uma aten\u00e7\u00e3o personalizada \u00e0s necessidades dos nossos clientes.<\/p>\n\n\n\n<p><\/p>\n","protected":false},"excerpt":{"rendered":"<p>Na Barlovento Applus+ acreditamos em um m\u00e9todo de trabalho que garante a proximidade com os nossos clientes e o seu [&hellip;]<\/p>\n","protected":false},"author":5,"featured_media":0,"parent":0,"menu_order":7,"comment_status":"closed","ping_status":"closed","template":"template-contact.php","meta":{"_acf_changed":false,"footnotes":""},"class_list":["post-10385","page","type-page","status-publish","hentry"],"acf":[],"_links":{"self":[{"href":"https:\/\/barloventoapplus.com\/br\/wp-json\/wp\/v2\/pages\/10385","targetHints":{"allow":["GET"]}}],"collection":[{"href":"https:\/\/barloventoapplus.com\/br\/wp-json\/wp\/v2\/pages"}],"about":[{"href":"https:\/\/barloventoapplus.com\/br\/wp-json\/wp\/v2\/types\/page"}],"author":[{"embeddable":true,"href":"https:\/\/barloventoapplus.com\/br\/wp-json\/wp\/v2\/users\/5"}],"replies":[{"embeddable":true,"href":"https:\/\/barloventoapplus.com\/br\/wp-json\/wp\/v2\/comments?post=10385"}],"version-history":[{"count":4,"href":"https:\/\/barloventoapplus.com\/br\/wp-json\/wp\/v2\/pages\/10385\/revisions"}],"predecessor-version":[{"id":11039,"href":"https:\/\/barloventoapplus.com\/br\/wp-json\/wp\/v2\/pages\/10385\/revisions\/11039"}],"wp:attachment":[{"href":"https:\/\/barloventoapplus.com\/br\/wp-json\/wp\/v2\/media?parent=10385"}],"curies":[{"name":"wp","href":"https:\/\/api.w.org\/{rel}","templated":true}]}}