{"id":10290,"date":"2024-12-19T18:14:02","date_gmt":"2024-12-19T17:14:02","guid":{"rendered":"https:\/\/barloventoapplus.com\/?page_id=10290"},"modified":"2026-02-17T09:41:54","modified_gmt":"2026-02-17T08:41:54","slug":"acreditacoes","status":"publish","type":"page","link":"https:\/\/barloventoapplus.com\/br\/acreditacoes\/","title":{"rendered":"Acredita\u00e7\u00f5es e Certificados"},"content":{"rendered":"\n<div class=\"wp-block-group\"><div class=\"wp-block-group__inner-container is-layout-constrained wp-block-group-is-layout-constrained\">\n<p>A equipe de especialistas da Barlovento Applus+ possui um grande conhecimento t\u00e9cnico no setor de energias e\u00f3licas e renov\u00e1veis. Os nossos servi\u00e7os especializados s\u00e3o acreditados e certificados de acordo com v\u00e1rias normas internacionais, atestando a sua elevada compet\u00eancia t\u00e9cnica e confiabilidade.<\/p>\n\n\n\n<p>Em rela\u00e7\u00e3o \u00e0 qualidade, os laborat\u00f3rios Barlovento Applus+ est\u00e3o credenciados de acordo com a norma IEC-17025 para executar uma s\u00e9rie de ensaios.&nbsp; S\u00e3o tamb\u00e9m membros da rede de laborat\u00f3rios&nbsp;<a href=\"https:\/\/www.measnet.com\/\" target=\"_blank\" rel=\"noreferrer noopener\">MEASNET<\/a> para garantir a mais elevada qualidade das medi\u00e7\u00f5es no <strong>setor<\/strong> da energia e\u00f3lica, e s\u00e3o membros da rede <a href=\"https:\/\/www.iecre.org\/home\" target=\"_blank\" rel=\"noreferrer noopener\">IECRE<\/a>.<\/p>\n\n\n\n<p>Al\u00e9m disso, a Barlovento Applus+ \u00e9 certificada pelas normas ISO 45001 e ISO 14001, que demonstram, respectivamente, o nosso envolvimento com a seguran\u00e7a dos nossos trabalhadores e com a prote\u00e7\u00e3o do ambiente durante o desempenho das nossas atividades.<\/p>\n\n\n\n<p>O \u00e2mbito e a localiza\u00e7\u00e3o destas certifica\u00e7\u00f5es podem ser consultados nos anexos t\u00e9cnicos em anexo.<\/p>\n<\/div><\/div>\n\n\n\n<div class=\"wp-block-group\"><div class=\"wp-block-group__inner-container is-layout-constrained wp-block-group-is-layout-constrained\">\n<h3 class=\"wp-block-heading\">CERTIFICA\u00c7\u00c3O ISO 17025 &#8211; ENAC<\/h3>\n\n\n\n<div class=\"wp-block-columns is-layout-flex wp-container-core-columns-is-layout-9d6595d7 wp-block-columns-is-layout-flex\">\n<div class=\"wp-block-column is-layout-flow wp-block-column-is-layout-flow\">\n<h4 class=\"wp-block-heading has-text-align-center\">TESTE DE TURBINAS E\u00d3LICAS, MEDI\u00c7\u00c3O DE PAR\u00c2METROS E\u00d3LICOS E SOLARES<\/h4>\n<\/div>\n\n\n\n<div class=\"wp-block-column is-layout-flow wp-block-column-is-layout-flow\">\n<h4 class=\"wp-block-heading has-text-align-center\">PAR\u00c2METROS EL\u00c9TRICOS<br>E SIMULA\u00c7\u00d5ES<\/h4>\n<\/div>\n<\/div>\n\n\n\n<div class=\"wp-block-columns is-layout-flex wp-container-core-columns-is-layout-9d6595d7 wp-block-columns-is-layout-flex\">\n<div class=\"wp-block-column is-layout-flow wp-block-column-is-layout-flow\" style=\"flex-basis:200px\">\n<h5 class=\"wp-block-heading has-text-align-center\">ENAC 437\/LE1004<\/h5>\n\n\n\n<figure class=\"wp-block-image size-full\"><img loading=\"lazy\" decoding=\"async\" width=\"1190\" height=\"1683\" src=\"https:\/\/barloventoapplus.com\/wp-content\/uploads\/ENAC_437_LE1004.jpg\" alt=\"\" class=\"wp-image-11088\" srcset=\"https:\/\/barloventoapplus.com\/wp-content\/uploads\/ENAC_437_LE1004.jpg 1190w, https:\/\/barloventoapplus.com\/wp-content\/uploads\/ENAC_437_LE1004-768x1086.jpg 768w, https:\/\/barloventoapplus.com\/wp-content\/uploads\/ENAC_437_LE1004-1086x1536.jpg 1086w\" sizes=\"auto, (max-width: 1190px) 100vw, 1190px\" \/><\/figure>\n\n\n\n<center>\n<a href=\"https:\/\/barloventoapplus.com\/wp-content\/uploads\/ENAC_437_LE1004.pdf\" download=\"\" target=\"_blank\" rel=\"noopener noreferrer\">\n<img loading=\"lazy\" decoding=\"async\" src=\"https:\/\/barloventoapplus.com\/wp-content\/uploads\/pdf-download-150x150-1.png\" alt=\"Download\" width=\"50\" height=\"50\"\/><\/a><\/center>\n<\/div>\n\n\n\n<div class=\"wp-block-column is-layout-flow wp-block-column-is-layout-flow\" style=\"flex-basis:200px\">\n<h5 class=\"wp-block-heading has-text-align-center\">A.T. ENAC 437\/LE1004<\/h5>\n\n\n\n<figure class=\"wp-block-gallery has-nested-images columns-default is-cropped wp-block-gallery-1 is-layout-flex wp-block-gallery-is-layout-flex\">\n<figure class=\"wp-block-image size-full is-style-default\"><img loading=\"lazy\" decoding=\"async\" width=\"1190\" height=\"1684\" data-id=\"11082\" src=\"https:\/\/barloventoapplus.com\/wp-content\/uploads\/AT_ENAC_437_LE1004.jpg\" alt=\"\" class=\"wp-image-11082\" srcset=\"https:\/\/barloventoapplus.com\/wp-content\/uploads\/AT_ENAC_437_LE1004.jpg 1190w, https:\/\/barloventoapplus.com\/wp-content\/uploads\/AT_ENAC_437_LE1004-768x1087.jpg 768w, https:\/\/barloventoapplus.com\/wp-content\/uploads\/AT_ENAC_437_LE1004-1085x1536.jpg 1085w\" sizes=\"auto, (max-width: 1190px) 100vw, 1190px\" \/><\/figure>\n<\/figure>\n\n\n\n<center>\n<a href=\"https:\/\/barloventoapplus.com\/wp-content\/uploads\/AT_ENAC_437_LE1004.pdf\" download=\"\" target=\"_blank\" rel=\"noopener noreferrer\">\n<img loading=\"lazy\" decoding=\"async\" src=\"https:\/\/barloventoapplus.com\/\/wp-content\/uploads\/pdf-download-150x150-1.png\" alt=\"Download\" width=\"50\" height=\"50\"\/><\/a><\/center>\n<\/div>\n\n\n\n<div class=\"wp-block-column is-layout-flow wp-block-column-is-layout-flow\" style=\"flex-basis:200px\">\n<h5 class=\"wp-block-heading has-text-align-center\">ENAC 437\/LE1315<\/h5>\n\n\n\n<figure class=\"wp-block-image size-full\"><img loading=\"lazy\" decoding=\"async\" width=\"1190\" height=\"1683\" src=\"https:\/\/barloventoapplus.com\/wp-content\/uploads\/ENAC_437_LE1315.jpg\" alt=\"\" class=\"wp-image-11091\" srcset=\"https:\/\/barloventoapplus.com\/wp-content\/uploads\/ENAC_437_LE1315.jpg 1190w, https:\/\/barloventoapplus.com\/wp-content\/uploads\/ENAC_437_LE1315-768x1086.jpg 768w, https:\/\/barloventoapplus.com\/wp-content\/uploads\/ENAC_437_LE1315-1086x1536.jpg 1086w\" sizes=\"auto, (max-width: 1190px) 100vw, 1190px\" \/><\/figure>\n\n\n\n<center>\n<a href=\"https:\/\/barloventoapplus.com\/wp-content\/uploads\/ENAC_437_LE1315.pdf\" download=\"\" target=\"_blank\" rel=\"noopener noreferrer\">\n<img loading=\"lazy\" decoding=\"async\" src=\"https:\/\/barloventoapplus.com\/wp-content\/uploads\/pdf-download-150x150-1.png\" alt=\"Download\" width=\"50\" height=\"50\"\/><\/a><\/center>\n<\/div>\n\n\n\n<div class=\"wp-block-column is-layout-flow wp-block-column-is-layout-flow\" style=\"flex-basis:200px\">\n<h5 class=\"wp-block-heading has-text-align-center\">A.T. ENAC 437\/1315<\/h5>\n\n\n\n<figure class=\"wp-block-image size-full\"><img loading=\"lazy\" decoding=\"async\" width=\"1190\" height=\"1684\" src=\"https:\/\/barloventoapplus.com\/wp-content\/uploads\/AT_ENAC_437_LE1315.jpg\" alt=\"\" class=\"wp-image-11085\" style=\"object-fit:cover\" srcset=\"https:\/\/barloventoapplus.com\/wp-content\/uploads\/AT_ENAC_437_LE1315.jpg 1190w, https:\/\/barloventoapplus.com\/wp-content\/uploads\/AT_ENAC_437_LE1315-768x1087.jpg 768w, https:\/\/barloventoapplus.com\/wp-content\/uploads\/AT_ENAC_437_LE1315-1085x1536.jpg 1085w\" sizes=\"auto, (max-width: 1190px) 100vw, 1190px\" \/><\/figure>\n\n\n\n<center>\n<a href=\"https:\/\/barloventoapplus.com\/wp-content\/uploads\/AT_ENAC_437_LE1315.pdf\" download=\"\" target=\"_blank\" rel=\"noopener noreferrer\">\n<img loading=\"lazy\" decoding=\"async\" src=\"https:\/\/barloventoapplus.com\/wp-content\/uploads\/pdf-download-150x150-1.png\" alt=\"Download\" width=\"50\" height=\"50\"\/><\/a><\/center>\n<\/div>\n<\/div>\n<\/div><\/div>\n\n\n\n<div class=\"wp-block-group\"><div class=\"wp-block-group__inner-container is-layout-constrained wp-block-group-is-layout-constrained\">\n<h3 class=\"wp-block-heading\">ENAC &amp; MEASNET &#8211; IECRE CERTIFICA\u00c7\u00c3O<\/h3>\n\n\n\n<div class=\"wp-block-columns is-layout-flex wp-container-core-columns-is-layout-9d6595d7 wp-block-columns-is-layout-flex\">\n<div class=\"wp-block-column is-layout-flow wp-block-column-is-layout-flow\" style=\"flex-basis:200px\"><\/div>\n\n\n\n<div class=\"wp-block-column is-layout-flow wp-block-column-is-layout-flow\" style=\"flex-basis:200px\">\n<h4 class=\"wp-block-heading has-text-align-center\">MEASNET<\/h4>\n\n\n\n<figure class=\"wp-block-image size-full\"><img loading=\"lazy\" decoding=\"async\" width=\"1239\" height=\"1754\" src=\"https:\/\/barloventoapplus.com\/wp-content\/uploads\/BRN_MEASNET.jpg\" alt=\"\" class=\"wp-image-10960\" srcset=\"https:\/\/barloventoapplus.com\/wp-content\/uploads\/BRN_MEASNET.jpg 1239w, https:\/\/barloventoapplus.com\/wp-content\/uploads\/BRN_MEASNET-768x1087.jpg 768w, https:\/\/barloventoapplus.com\/wp-content\/uploads\/BRN_MEASNET-1085x1536.jpg 1085w\" sizes=\"auto, (max-width: 1239px) 100vw, 1239px\" \/><\/figure>\n\n\n\n<center>\n<a href=\"https:\/\/barloventoapplus.com\/wp-content\/uploads\/BRN_MEASNET.pdf\" download=\"\" target=\"_blank\" rel=\"noopener noreferrer\">\n<img loading=\"lazy\" decoding=\"async\" src=\"https:\/\/barloventoapplus.com\/wp-content\/uploads\/pdf-download-150x150-1.png\" alt=\"Download\" width=\"50\" height=\"50\"\/><\/a><\/center>\n<\/div>\n\n\n\n<div class=\"wp-block-column is-layout-flow wp-block-column-is-layout-flow\" style=\"flex-basis:200px\">\n<h4 class=\"wp-block-heading has-text-align-center\">IECRE<\/h4>\n\n\n\n<figure class=\"wp-block-image size-full\"><img loading=\"lazy\" decoding=\"async\" width=\"1241\" height=\"1755\" src=\"https:\/\/barloventoapplus.com\/wp-content\/uploads\/BRN_IECRE.jpg\" alt=\"\" class=\"wp-image-11079\" srcset=\"https:\/\/barloventoapplus.com\/wp-content\/uploads\/BRN_IECRE.jpg 1241w, https:\/\/barloventoapplus.com\/wp-content\/uploads\/BRN_IECRE-768x1086.jpg 768w, https:\/\/barloventoapplus.com\/wp-content\/uploads\/BRN_IECRE-1086x1536.jpg 1086w\" sizes=\"auto, (max-width: 1241px) 100vw, 1241px\" \/><\/figure>\n\n\n\n<center>\n<a href=\"https:\/\/barloventoapplus.com\/wp-content\/uploads\/BRN_IECRE.pdf\" download=\"\" target=\"_blank\" rel=\"noopener noreferrer\">\n<img loading=\"lazy\" decoding=\"async\" src=\"https:\/\/barloventoapplus.com\/wp-content\/uploads\/pdf-download-150x150-1.png\" alt=\"Download\" width=\"50\" height=\"50\"\/><\/a><\/center>\n<\/div>\n\n\n\n<div class=\"wp-block-column is-layout-flow wp-block-column-is-layout-flow\" style=\"flex-basis:200px\"><\/div>\n<\/div>\n<\/div><\/div>\n\n\n\n<div class=\"wp-block-group\"><div class=\"wp-block-group__inner-container is-layout-constrained wp-block-group-is-layout-constrained\">\n<h3 class=\"wp-block-heading\">Padr\u00f5es ISO<\/h3>\n\n\n\n<div class=\"wp-block-columns is-layout-flex wp-container-core-columns-is-layout-9d6595d7 wp-block-columns-is-layout-flex\">\n<div class=\"wp-block-column is-layout-flow wp-block-column-is-layout-flow\"><\/div>\n\n\n\n<div class=\"wp-block-column is-layout-flow wp-block-column-is-layout-flow\" style=\"flex-basis:200px\">\n<h4 class=\"wp-block-heading has-text-align-center\">ISO 14001<\/h4>\n\n\n\n<figure class=\"wp-block-gallery has-nested-images columns-default is-cropped wp-block-gallery-2 is-layout-flex wp-block-gallery-is-layout-flex\">\n<figure class=\"wp-block-image size-full\"><img loading=\"lazy\" decoding=\"async\" width=\"1241\" height=\"1754\" data-id=\"11130\" src=\"https:\/\/barloventoapplus.com\/wp-content\/uploads\/GBRN_ISO14001_EN.jpg\" alt=\"\" class=\"wp-image-11130\" srcset=\"https:\/\/barloventoapplus.com\/wp-content\/uploads\/GBRN_ISO14001_EN.jpg 1241w, https:\/\/barloventoapplus.com\/wp-content\/uploads\/GBRN_ISO14001_EN-768x1085.jpg 768w, https:\/\/barloventoapplus.com\/wp-content\/uploads\/GBRN_ISO14001_EN-1087x1536.jpg 1087w\" sizes=\"auto, (max-width: 1241px) 100vw, 1241px\" \/><\/figure>\n<\/figure>\n\n\n\n<center>\n<a href=\"https:\/\/barloventoapplus.com\/wp-content\/uploads\/GBRN_ISO14001_PT.pdf\" download=\"\" target=\"_blank\" rel=\"noopener noreferrer\">\n<img loading=\"lazy\" decoding=\"async\" src=\"https:\/\/barloventoapplus.com\/wp-content\/uploads\/pdf-download-150x150-1.png\" alt=\"Download\" width=\"50\" height=\"50\"\/><\/a><\/center>\n<\/div>\n\n\n\n<div class=\"wp-block-column is-layout-flow wp-block-column-is-layout-flow\" style=\"flex-basis:200px\">\n<h4 class=\"wp-block-heading has-text-align-center\">ISO 45001<\/h4>\n\n\n\n<figure class=\"wp-block-image size-full\"><img loading=\"lazy\" decoding=\"async\" width=\"1241\" height=\"1754\" src=\"https:\/\/barloventoapplus.com\/wp-content\/uploads\/GBRN_ISO45001_EN.jpg\" alt=\"\" class=\"wp-image-11133\" srcset=\"https:\/\/barloventoapplus.com\/wp-content\/uploads\/GBRN_ISO45001_EN.jpg 1241w, https:\/\/barloventoapplus.com\/wp-content\/uploads\/GBRN_ISO45001_EN-768x1085.jpg 768w, https:\/\/barloventoapplus.com\/wp-content\/uploads\/GBRN_ISO45001_EN-1087x1536.jpg 1087w\" sizes=\"auto, (max-width: 1241px) 100vw, 1241px\" \/><\/figure>\n\n\n\n<center>\n<a href=\"https:\/\/barloventoapplus.com\/wp-content\/uploads\/GBRN_ISO45001_PT.pdf\" download=\"\" target=\"_blank\" rel=\"noopener noreferrer\">\n<img loading=\"lazy\" decoding=\"async\" src=\"https:\/\/barloventoapplus.com\/wp-content\/uploads\/pdf-download-150x150-1.png\" alt=\"Download\" width=\"50\" height=\"50\"\/><\/a><\/center>\n<\/div>\n\n\n\n<div class=\"wp-block-column is-layout-flow wp-block-column-is-layout-flow\"><\/div>\n<\/div>\n<\/div><\/div>\n","protected":false},"excerpt":{"rendered":"<p>A equipe de especialistas da Barlovento Applus+ possui um grande conhecimento t\u00e9cnico no setor de energias e\u00f3licas e renov\u00e1veis. Os [&hellip;]<\/p>\n","protected":false},"author":5,"featured_media":0,"parent":0,"menu_order":2,"comment_status":"closed","ping_status":"closed","template":"template-company.php","meta":{"_acf_changed":false,"footnotes":""},"class_list":["post-10290","page","type-page","status-publish","hentry"],"acf":[],"_links":{"self":[{"href":"https:\/\/barloventoapplus.com\/br\/wp-json\/wp\/v2\/pages\/10290","targetHints":{"allow":["GET"]}}],"collection":[{"href":"https:\/\/barloventoapplus.com\/br\/wp-json\/wp\/v2\/pages"}],"about":[{"href":"https:\/\/barloventoapplus.com\/br\/wp-json\/wp\/v2\/types\/page"}],"author":[{"embeddable":true,"href":"https:\/\/barloventoapplus.com\/br\/wp-json\/wp\/v2\/users\/5"}],"replies":[{"embeddable":true,"href":"https:\/\/barloventoapplus.com\/br\/wp-json\/wp\/v2\/comments?post=10290"}],"version-history":[{"count":17,"href":"https:\/\/barloventoapplus.com\/br\/wp-json\/wp\/v2\/pages\/10290\/revisions"}],"predecessor-version":[{"id":11137,"href":"https:\/\/barloventoapplus.com\/br\/wp-json\/wp\/v2\/pages\/10290\/revisions\/11137"}],"wp:attachment":[{"href":"https:\/\/barloventoapplus.com\/br\/wp-json\/wp\/v2\/media?parent=10290"}],"curies":[{"name":"wp","href":"https:\/\/api.w.org\/{rel}","templated":true}]}}