{"id":10283,"date":"2014-06-16T11:21:33","date_gmt":"2014-06-16T09:21:33","guid":{"rendered":"https:\/\/barloventoapplus.com\/about-us\/"},"modified":"2026-01-26T16:38:52","modified_gmt":"2026-01-26T15:38:52","slug":"empresa","status":"publish","type":"page","link":"https:\/\/barloventoapplus.com\/br\/empresa\/","title":{"rendered":"Empresa"},"content":{"rendered":"\n<div class=\"wp-block-group presencia-internacional\"><div class=\"wp-block-group__inner-container is-layout-flow wp-block-group-is-layout-flow\">\n<h3 class=\"wp-block-heading\" id=\"international-presence\">UMA EMPRESA GLOBAL DE CONSULTORIA E ENGENHARIA PARA PROJETOS DE ENERGIA E\u00d3LICA<\/h3>\n\n\n\n<p>Somos uma empresa global de consultoria e engenharia no setor de energias renov\u00e1veis, prestando assist\u00eancia a clientes no projeto, financiamento e constru\u00e7\u00e3o de projetos e\u00f3licos onshore e offshore em qualquer parte do mundo.<br><br>Temos escrit\u00f3rios em 9 pa\u00edses e a nossa equipe de peritos altamente especializados opera em 60 pa\u00edses em todo o mundo.<br><br>Alguns destaques da nossa vasta experi\u00eancia no sector e\u00f3lico incluem:<\/p>\n\n\n\n<figure class=\"wp-block-image size-full is-style-default\"><img loading=\"lazy\" decoding=\"async\" width=\"2560\" height=\"1443\" src=\"https:\/\/barloventoapplus.com\/wp-content\/uploads\/Mapa-web-cifras-Barlovento_PT-scaled.jpg\" alt=\"\" class=\"wp-image-11047\" style=\"object-fit:cover\" srcset=\"https:\/\/barloventoapplus.com\/wp-content\/uploads\/Mapa-web-cifras-Barlovento_PT-scaled.jpg 2560w, https:\/\/barloventoapplus.com\/wp-content\/uploads\/Mapa-web-cifras-Barlovento_PT-768x433.jpg 768w, https:\/\/barloventoapplus.com\/wp-content\/uploads\/Mapa-web-cifras-Barlovento_PT-1536x866.jpg 1536w, https:\/\/barloventoapplus.com\/wp-content\/uploads\/Mapa-web-cifras-Barlovento_PT-2048x1155.jpg 2048w\" sizes=\"auto, (max-width: 2560px) 100vw, 2560px\" \/><\/figure>\n<\/div><\/div>\n\n\n\n<div class=\"wp-block-group alignfull has-background\" style=\"background-color:#f7f7f7\"><div class=\"wp-block-group__inner-container is-layout-constrained wp-block-group-is-layout-constrained\">\n<h3 class=\"wp-block-heading\">A NOSSA HIST\u00d3RIA E CULTURA<\/h3>\n\n\n\n<p>Desde 1998, contribu\u00edmos ativamente para o desenvolvimento de um mundo mais sustent\u00e1vel, fornecendo o nosso profundo conhecimento t\u00e9cnico do sector da energia e\u00f3lica. Os nossos valores s\u00e3o a independ\u00eancia, a elevada qualidade do servi\u00e7o e a proximidade com o cliente.<\/p>\n\n\n\n<p>Em 2005, fundamos a Energy to Quality (E2Q), uma empresa centrada na integra\u00e7\u00e3o das energias renov\u00e1veis na rede el\u00e9trica e um laborat\u00f3rio acreditado para realizar diferentes <a href=\"https:\/\/barloventoapplus.com\/br\/consultoria-eletrica-avancada\/\">ensaios el\u00e9tricos avan\u00e7ados.<\/a><\/p>\n\n\n\n<p>Desde 2023, somos parte da <a href=\"https:\/\/www.applus.com\/global\/es\/\" target=\"_blank\" rel=\"noreferrer noopener\">Applus+<\/a> uma das empresas l\u00edderes mundiais no sector da inspe\u00e7\u00e3o, ensaio e certifica\u00e7\u00e3o, com mais de 20 anos de experi\u00eancia no setor de energias renov\u00e1veis.&nbsp; Na Barlovento Applus+, compartilhamos dos valores de imparcialidade, independ\u00eancia e integridade, bem como o C\u00f3digo de \u00c9tica Applus+ <a href=\"https:\/\/www.applus.com\/global\/es\/about-us\/ethics-and-compliance\" target=\"_blank\" rel=\"noreferrer noopener\">C\u00f3digo de \u00c9tica Applus+<\/a> e o resto das pol\u00edticas do Sistema de Gest\u00e3o de Conformidade do grupo.&nbsp; Se desejar tiver alguma d\u00favida ou comunicar uma potencial n\u00e3o conformidade, isso poder\u00e1 ser feito atrav\u00e9s do <a href=\"https:\/\/applusethicsandcompliance.integrityline.com\/?lang=pt\" target=\"_blank\" rel=\"noreferrer noopener\">Canal de Comunica\u00e7\u00f5es de \u00c9tica e Conformidade<\/a>.<\/p>\n\n\n\n<p>Acreditamos tamb\u00e9m que a nossa equipe \u00e9 fundamental para o nosso sucesso, e \u00e9 por isso que proporcionamos um ambiente de trabalho seguro, diversificado e inclusivo, garantindo a igualdade de oportunidades e incentivando a flexibilidade, o desenvolvimento da carreira e a estabilidade.<\/p>\n\n\n\n<p>Na Barlovento Applus+ estamos empenhados em cumprir a legisla\u00e7\u00e3o em vigor nos diferentes mercados onde operamos. Al\u00e9m da nossa <a href=\"https:\/\/barloventoapplus.com\/wp-content\/uploads\/POLITICA_BRN_EN.pdf\" target=\"_blank\" rel=\"noreferrer noopener\">Pol\u00edtica de Garantia de Qualidade<\/a>, voc\u00ea pode acessar documentos espec\u00edficos de alguns dos pa\u00edses onde atuamos:<\/p>\n\n\n\n<ul class=\"wp-block-list\">\n<li>Peru: <a href=\"https:\/\/barloventoapplus.com\/wp-content\/uploads\/BRN-PR_SSTyMA.pdf\" target=\"_blank\" rel=\"noreferrer noopener\">A pol\u00edtica de SST<\/a> destaca nosso compromisso de cumprir acordos e obriga\u00e7\u00f5es para proteger o bem-estar de nossa equipe, com base na Lei 29.783.<\/li>\n\n\n\n<li>Chile: <a href=\"https:\/\/barloventoapplus.com\/wp-content\/uploads\/BRN_CL_SW.pdf\" target=\"_blank\" rel=\"noreferrer noopener\">Pol\u00edtica de \u201cStop Work\u201d<\/a> que visa garantir que as atividades sejam realizadas com seguran\u00e7a.<\/li>\n<\/ul>\n<\/div><\/div>\n\n\n\n<div class=\"wp-block-group alignfull has-white-background-color has-background\"><div class=\"wp-block-group__inner-container is-layout-constrained wp-block-group-is-layout-constrained\">\n<h3 class=\"wp-block-heading\">POR QUE UTILIZAR O BARLOVENTO APPLUS+?<\/h3>\n\n\n\n<ul class=\"wp-block-list\">\n<li><strong>Vis\u00e3o objetiva.<\/strong> Somos independentes. A nossa avalia\u00e7\u00e3o se baseia sempre em crit\u00e9rios objetivos, e proporciona uma vis\u00e3o imparcial, que ajuda a gerenciar melhor o projeto.<\/li>\n<\/ul>\n\n\n\n<ul class=\"wp-block-list\">\n<li><strong>Processo completo.<\/strong> Oferecemos uma ampla gama de servi\u00e7os de <a href=\"https:\/\/barloventoapplus.com\/br\/consultoria\/\">consultoria<\/a>, <a href=\"https:\/\/barloventoapplus.com\/br\/engenharia\/\">engenharia<\/a> e <a href=\"\/br\/teste-de-aerogeneradores\/\">ensaios de turbinas e\u00f3licas<\/a>, acompanhando os nossos clientes desde a fase inicial de conce\u00e7\u00e3o da sua ideia at\u00e9 \u00e0 entrada em funcionamento e \u00e0 explora\u00e7\u00e3o dos seus ativos.<\/li>\n<\/ul>\n\n\n\n<ul class=\"wp-block-list\">\n<li><strong>Perspetiva multidisciplinar.<\/strong> Os nossos engenheiros e consultores altamente especializados analisam as necessidades dos nossos clientes de diferentes pontos de vista, trazendo uma vis\u00e3o multidisciplinar e \u00fanica para cada situa\u00e7\u00e3o.<\/li>\n<\/ul>\n\n\n\n<ul class=\"wp-block-list\">\n<li><strong>Clientes satisfeitos.<\/strong> A satisfa\u00e7\u00e3o dos nossos clientes \u00e9 a nossa melhor refer\u00eancia. Dispomos de uma extensa lista de refer\u00eancias de clientes que atestam a elevada qualidade dos nossos servi\u00e7os.<\/li>\n<\/ul>\n\n\n\n<ul class=\"wp-block-list\">\n<li><strong>Credenciamentos.<\/strong> Os nossos laborat\u00f3rios est\u00e3o <a href=\"https:\/\/barloventoapplus.com\/br\/acreditacoes\/\">acreditados<\/a> de acordo com a norma ISO-17025, IEC e normas nacionais para v\u00e1rios ensaios e campanhas de medi\u00e7\u00e3o.<\/li>\n<\/ul>\n\n\n\n<ul class=\"wp-block-list\">\n<li><strong>Estamos pr\u00f3ximos do seu projeto.<\/strong> A nossa presen\u00e7a internacional permite oferecer aos nossos clientes uma abordagem mais pr\u00f3xima, compreendendo as circunst\u00e2ncias espec\u00edficas dos locais onde os projetos ser\u00e3o desenvolvidos para fornecer solu\u00e7\u00f5es adequadas.<\/li>\n<\/ul>\n<\/div><\/div>\n\n\n\n<div class=\"wp-block-group alignfull empresa-industria has-background\" style=\"background-color:#f7f7f7\"><div class=\"wp-block-group__inner-container is-layout-flow wp-block-group-is-layout-flow\">\n<h3 class=\"wp-block-heading\" id=\"membership\">PARTICIPAMOS EM ASSOCIA\u00c7\u00d5ES SETORIAIS<\/h3>\n\n\n\n<p>Somos membros de v\u00e1rias associa\u00e7\u00f5es do setor e colaboramos com as principais organiza\u00e7\u00f5es do setor para promover a implanta\u00e7\u00e3o de projetos de energia renov\u00e1vel e armazenamento em todo o mundo.<\/p>\n\n\n\r\n    <div class=\"bloque bloque-logos\">\r\n\r\n        <div id=\"bloque-logos__carrusel\">\r\n\r\n\t\t\t\r\n\t\t\t\t\t\r\n\t\t\t\t\t                        <div class=\"logo number-slide1\">\r\n                                                            <a href=\"https:\/\/aeeolica.org\/\">\r\n                                                        <img decoding=\"async\" src=\"https:\/\/barloventoapplus.com\/wp-content\/uploads\/PNG_AEEaee.png\" width=\"120\" height=\"52\" loading=\"lazy\" \/>\r\n                                                            <\/a>\r\n                                                    <\/div><!-- \/ .logo -->\r\n\t\t\t\t\t\r\n\t\t\t\t\r\n\t\t\t\t\t\r\n\t\t\t\t\t                        <div class=\"logo number-slide2\">\r\n                                                            <a href=\"https:\/\/windeurope.org\/\">\r\n                                                        <img decoding=\"async\" src=\"https:\/\/barloventoapplus.com\/wp-content\/uploads\/PNG_WindEurope.png\" width=\"120\" height=\"120\" loading=\"lazy\" \/>\r\n                                                            <\/a>\r\n                                                    <\/div><!-- \/ .logo -->\r\n\t\t\t\t\t\r\n\t\t\t\t\r\n\t\t\t\t\t\r\n\t\t\t\t\t                        <div class=\"logo number-slide3\">\r\n                                                            <a href=\"http:\/\/www.acera.cl\/\">\r\n                                                        <img decoding=\"async\" src=\"https:\/\/barloventoapplus.com\/wp-content\/uploads\/PNG_ACERA.png\" width=\"120\" height=\"120\" loading=\"lazy\" \/>\r\n                                                            <\/a>\r\n                                                    <\/div><!-- \/ .logo -->\r\n\t\t\t\t\t\r\n\t\t\t\t\r\n\t\t\t\t\t\r\n\t\t\t\t\t                        <div class=\"logo number-slide4\">\r\n                                                            <a href=\"http:\/\/www.portalabeeolica.org.br\/\">\r\n                                                        <img decoding=\"async\" src=\"https:\/\/barloventoapplus.com\/wp-content\/uploads\/PNG_ABEEolica.png\" width=\"120\" height=\"120\" loading=\"lazy\" \/>\r\n                                                            <\/a>\r\n                                                    <\/div><!-- \/ .logo -->\r\n\t\t\t\t\t\r\n\t\t\t\t\r\n\t\t\t\t\t\r\n\t\t\t\t\t                        <div class=\"logo number-slide5\">\r\n                                                            <a href=\"http:\/\/www.amdee.org\/\">\r\n                                                        <img decoding=\"async\" src=\"https:\/\/barloventoapplus.com\/wp-content\/uploads\/PNG_AMDEE.png\" width=\"120\" height=\"120\" loading=\"lazy\" \/>\r\n                                                            <\/a>\r\n                                                    <\/div><!-- \/ .logo -->\r\n\t\t\t\t\t\r\n\t\t\t\t\r\n        <\/div><!-- \/ .bloque-logos_carrusel -->\r\n\r\n\r\n    <\/div><!-- \/ .bloque-logos -->\r\n\r\n<\/div><\/div>\n\n\n\n<p><\/p>\n","protected":false},"excerpt":{"rendered":"<p>UMA EMPRESA GLOBAL DE CONSULTORIA E ENGENHARIA PARA PROJETOS DE ENERGIA E\u00d3LICA Somos uma empresa global de consultoria e engenharia [&hellip;]<\/p>\n","protected":false},"author":5,"featured_media":0,"parent":0,"menu_order":2,"comment_status":"open","ping_status":"closed","template":"template-company.php","meta":{"_acf_changed":false,"footnotes":""},"class_list":["post-10283","page","type-page","status-publish","hentry"],"acf":[],"_links":{"self":[{"href":"https:\/\/barloventoapplus.com\/br\/wp-json\/wp\/v2\/pages\/10283","targetHints":{"allow":["GET"]}}],"collection":[{"href":"https:\/\/barloventoapplus.com\/br\/wp-json\/wp\/v2\/pages"}],"about":[{"href":"https:\/\/barloventoapplus.com\/br\/wp-json\/wp\/v2\/types\/page"}],"author":[{"embeddable":true,"href":"https:\/\/barloventoapplus.com\/br\/wp-json\/wp\/v2\/users\/5"}],"replies":[{"embeddable":true,"href":"https:\/\/barloventoapplus.com\/br\/wp-json\/wp\/v2\/comments?post=10283"}],"version-history":[{"count":7,"href":"https:\/\/barloventoapplus.com\/br\/wp-json\/wp\/v2\/pages\/10283\/revisions"}],"predecessor-version":[{"id":11057,"href":"https:\/\/barloventoapplus.com\/br\/wp-json\/wp\/v2\/pages\/10283\/revisions\/11057"}],"wp:attachment":[{"href":"https:\/\/barloventoapplus.com\/br\/wp-json\/wp\/v2\/media?parent=10283"}],"curies":[{"name":"wp","href":"https:\/\/api.w.org\/{rel}","templated":true}]}}