{"id":10279,"date":"2024-12-19T18:02:47","date_gmt":"2024-12-19T17:02:47","guid":{"rendered":"https:\/\/barloventoapplus.com\/?page_id=10279"},"modified":"2025-02-10T13:12:22","modified_gmt":"2025-02-10T12:12:22","slug":"avaliacoes-de-recursos-eolicos","status":"publish","type":"page","link":"https:\/\/barloventoapplus.com\/br\/avaliacoes-de-recursos-eolicos\/","title":{"rendered":"Avalia\u00e7\u00e3o do recurso e\u00f3lico"},"content":{"rendered":"\n<p>Uma avalia\u00e7\u00e3o exata dos fatores meteorol\u00f3gicos e uma an\u00e1lise exaustiva do recurso e\u00f3lico s\u00e3o essenciais para minimizar os riscos e garantir a viabilidade e a efici\u00eancia dos projetos e\u00f3licos.<\/p>\n\n\n\n<p>Como membro da rede <a href=\"https:\/\/www.measnet.com\/\" target=\"_blank\" rel=\"noreferrer noopener\">MEASNET<\/a> a Barlovento Applus+ garante a mais alta qualidade em medi\u00e7\u00f5es e an\u00e1lises de recursos e\u00f3licos:<\/p>\n\n\n\r\n    <div class=\"bloque fases-engineering bloque-servicios\">\r\n\r\n        <div id=\"contenido_pestanas\">\r\n            <ul class=\"fases\">\r\n\t\t\t\t                        <li>\r\n\t\t\t\t\t\t\t<h3>1<\/h3>                            <a href=\"#opcion1\">\r\n\t\t\t\t\t\t\t\t<svg  width=\"100.0px\" height=\"100.0px\" version=\"1.1\" id=\"Capa_1\" xmlns=\"http:\/\/www.w3.org\/2000\/svg\" xmlns:xlink=\"http:\/\/www.w3.org\/1999\/xlink\" x=\"0px\" y=\"0px\"\r\n\t viewBox=\"0 0 52.84 52.84\" style=\"enable-background:new 0 0 52.84 52.84; fill:#003e51;\" xml:space=\"preserve\">\r\n<path d=\"M40.18,11.83c-1.77,0-3.29,1.02-4.04,2.5h-6.66l-0.02-0.2c-0.1-0.53-0.42-1.1-1-1.51V9.54c0-0.73-0.59-1.32-1.32-1.32H25.8\r\n\tc-0.73,0-1.32,0.59-1.32,1.32v3.07c-0.78,0.51-1.02,1.23-1.07,1.44c-0.03,0.11-0.03,0.21-0.03,0.27v0.02h-6.67\r\n\tc-0.75-1.48-2.28-2.5-4.05-2.5c-2.51,0-4.56,2.04-4.56,4.56s2.04,4.56,4.56,4.56c1.77,0,3.29-1.02,4.05-2.5h6.67v0.49\r\n\tc0,0.58,0.48,1.07,1.06,1.07h0.04v8.86c-1.8,0.48-2.07,1.56-2.09,1.71v1.84c-4.31,0.52-7.83,1.89-7.83,4.05v3.86\r\n\tc0,2.82,5.99,4.29,11.91,4.29s11.91-1.47,11.91-4.29v-4.02h-0.02c-0.17-2.07-3.61-3.38-7.8-3.9v-1.8c-0.02-0.16-0.22-1.3-2.1-1.78\r\n\tv-8.8c0.26-0.01,0.51-0.11,0.7-0.3c0.21-0.2,0.32-0.47,0.32-0.76v-0.53h6.66c0.75,1.48,2.28,2.5,4.04,2.5\r\n\tc2.51,0,4.56-2.04,4.56-4.56S42.7,11.83,40.18,11.83z M15.82,17.14c-0.12,0.49-0.35,0.92-0.65,1.3c-0.6,0.73-1.49,1.2-2.51,1.2\r\n\tc-1.8,0-3.26-1.46-3.26-3.26s1.46-3.26,3.26-3.26c1.01,0,1.91,0.47,2.51,1.2c0.31,0.37,0.54,0.81,0.65,1.3\r\n\tc0.06,0.24,0.1,0.5,0.1,0.76S15.88,16.89,15.82,17.14z M23.38,17.14h-6.23c0.04-0.25,0.08-0.5,0.08-0.76s-0.03-0.51-0.08-0.76h6.23\r\n\tv1.51V17.14z M25.8,9.52h1.34l0.02,0.02v2.58c-0.19-0.03-0.39-0.05-0.61-0.05c-0.27,0-0.52,0.03-0.74,0.06V9.52L25.8,9.52z\r\n\t M24.69,14.33c0.07-0.21,0.31-0.68,1.11-0.87c0.21-0.05,0.45-0.09,0.75-0.09c0.24,0,0.43,0.03,0.61,0.07\r\n\tc0.81,0.19,0.99,0.73,1.03,0.89v4.42h-1.03l-1.35-0.03H24.7v-0.27v-4.07c0,0,0-0.03,0-0.04L24.69,14.33z M27.15,20.03v8.61v1.31\r\n\tv0.97L25.8,30.9v-0.95v-1.3v-8.63l1.36,0.02L27.15,20.03z M37.07,40.33c0,1.25-4.04,2.99-10.61,2.99s-10.61-1.74-10.61-2.99v-1.81\r\n\tc2.08,1.47,6.35,2.24,10.61,2.24s8.53-0.77,10.61-2.24V40.33z M37.07,36.46c0,1.25-4.04,2.99-10.61,2.99s-10.61-1.74-10.61-2.99\r\n\tc0-0.96,2.41-2.22,6.52-2.74v1.22l0.02,0.17c0.02,0.09,0.65,2.25,4.12,2.25s4-2.19,4.02-2.28v-0.07l0.01-1.28\r\n\tc4.11,0.53,6.52,1.78,6.52,2.74L37.07,36.46z M29.26,30.77v4.07c-0.09,0.24-0.6,1.22-2.74,1.22s-2.72-0.97-2.84-1.24V30.8\r\n\tc0.05-0.1,0.25-0.36,0.8-0.58v0.68c0,0.73,0.59,1.32,1.32,1.32h1.34c0.73,0,1.32-0.59,1.32-1.32v-0.71\r\n\tC29.05,30.41,29.23,30.68,29.26,30.77z M29.48,17.14v-1.51h6.22c-0.04,0.25-0.08,0.5-0.08,0.76s0.03,0.51,0.08,0.76h-6.22\r\n\tL29.48,17.14z M40.18,19.64c-1.01,0-1.91-0.47-2.51-1.2c-0.31-0.37-0.54-0.81-0.65-1.3c-0.06-0.24-0.1-0.5-0.1-0.76\r\n\ts0.04-0.51,0.1-0.76c0.12-0.49,0.35-0.92,0.65-1.3c0.6-0.73,1.49-1.2,2.51-1.2c1.8,0,3.26,1.46,3.26,3.26S41.98,19.64,40.18,19.64z\"\r\n\t\/>\r\n<\/svg>                                <span class=\"mas simbolo\">+<\/span>\r\n                                <span class=\"menos simbolo\">\u2013<\/span>\r\n                            <\/a>\r\n                            <h4>Campanhas de medi\u00e7\u00e3o de recursos e\u00f3licos <\/h4>\r\n\r\n                        <\/li>\r\n\t\t\t\t\t\t                        <li>\r\n\t\t\t\t\t\t\t<h3>2<\/h3>                            <a href=\"#opcion2\">\r\n\t\t\t\t\t\t\t\t<svg width=\"54.7px\" height=\"80px\" viewBox=\"0 0 54.7 80\" version=\"1.1\" xmlns=\"http:\/\/www.w3.org\/2000\/svg\" xmlns:xlink=\"http:\/\/www.w3.org\/1999\/xlink\">\r\n\r\n    <g id=\"Page-1\" stroke=\"none\" stroke-width=\"1\" fill=\"none\" fill-rule=\"evenodd\">\r\n        <g id=\"Group\" fill=\"#003e51\" fill-rule=\"nonzero\">\r\n            <path d=\"M14.3,33.4 C13.9,33.4 13.6,33.3 13.3,33 L10.6,30.3 C10,29.7 10,28.9 10.6,28.3 C11.2,27.7 12,27.7 12.6,28.3 L14.4,30.1 L18.9,25.6 C19.5,25 20.3,25 20.9,25.6 C21.5,26.2 21.5,27 20.9,27.6 L15.4,33.1 C15.1,33.3 14.7,33.4 14.3,33.4\" id=\"Path\"><\/path>\r\n            <path d=\"M43.1,30.7 L26.6,30.7 C25.8,30.7 25.2,30.1 25.2,29.3 C25.2,28.5 25.8,27.9 26.6,27.9 L43.1,27.9 C43.9,27.9 44.5,28.5 44.5,29.3 C44.5,30.1 43.9,30.7 43.1,30.7\" id=\"Path\"><\/path>\r\n            <path d=\"M14.3,57.2 C13.9,57.2 13.6,57.1 13.3,56.8 L10.6,54.1 C10,53.5 10,52.7 10.6,52.1 C11.2,51.5 12,51.5 12.6,52.1 L14.4,53.9 L18.9,49.4 C19.5,48.8 20.3,48.8 20.9,49.4 C21.5,50 21.5,50.8 20.9,51.4 L15.4,56.9 C15.1,57 14.7,57.2 14.3,57.2\" id=\"Path\"><\/path>\r\n            <path d=\"M43.1,54.5 L26.6,54.5 C25.8,54.6 25.2,54 25.1,53.2 C25,52.4 25.6,51.8 26.4,51.7 L26.6,51.7 L43.1,51.7 C43.9,51.6 44.5,52.2 44.6,53 C44.7,53.8 44.1,54.4 43.3,54.5 C43.2,54.5 43.2,54.5 43.1,54.5\" id=\"Path\"><\/path>\r\n            <path d=\"M14.3,69.1 C13.9,69.1 13.6,69 13.3,68.7 L10.6,66 C10,65.4 10,64.6 10.6,64 C11.2,63.4 12,63.4 12.6,64 L14.4,65.8 L18.9,61.3 C19.5,60.7 20.3,60.7 20.9,61.3 C21.5,61.9 21.5,62.7 20.9,63.3 L15.4,68.8 C15,69 14.7,69.1 14.3,69.1\" id=\"Path\"><\/path>\r\n            <path d=\"M43.1,66.3 L26.6,66.3 C25.8,66.3 25.2,65.7 25.2,64.9 C25.2,64.1 25.8,63.5 26.6,63.5 L43.1,63.5 C43.9,63.5 44.5,64.1 44.5,64.9 C44.5,65.7 43.9,66.3 43.1,66.3 Z\" id=\"Path\"><\/path>\r\n            <path d=\"M14.3,45.3 C13.9,45.3 13.6,45.2 13.3,44.9 L10.6,42.2 C10,41.6 10,40.8 10.6,40.2 C11.2,39.6 12,39.6 12.6,40.2 L14.4,42 L18.9,37.5 C19.5,36.9 20.3,36.9 20.9,37.5 C21.5,38.1 21.5,38.9 20.9,39.5 L15.4,45 C15.1,45.2 14.7,45.3 14.3,45.3\" id=\"Path\"><\/path>\r\n            <path d=\"M43.1,42.6 L26.6,42.6 C25.8,42.6 25.2,42 25.2,41.2 C25.2,40.4 25.8,39.8 26.6,39.8 L43.1,39.8 C43.9,39.8 44.5,40.4 44.5,41.2 C44.5,42 43.9,42.6 43.1,42.6\" id=\"Path\"><\/path>\r\n            <path d=\"M27.3,8.5 C28.3,8.5 29.1,9.3 29.1,10.3 C29.1,11.3 28.3,12.1 27.3,12.1 C26.3,12.1 25.5,11.3 25.5,10.3 C25.5,9.3 26.3,8.5 27.3,8.5\" id=\"Path\"><\/path>\r\n            <path d=\"M3.2,76.8 L3.2,13.3 L11.5,13.3 L11.5,15.6 C11.5,16.6 12.3,17.4 13.3,17.5 L41.4,17.5 C42.4,17.5 43.2,16.7 43.2,15.7 L43.2,13.4 L51.5,13.4 L51.5,76.9 L3.2,76.8 Z M16.9,8.3 L22.7,8.3 C24.5,8.3 25.9,6.9 25.9,5.1 L25.9,4.7 C25.9,3.9 26.5,3.3 27.3,3.3 C28.1,3.3 28.7,3.9 28.7,4.7 L28.7,5.1 C28.7,6.9 30.1,8.3 31.9,8.3 L37.7,8.3 C38.7,8.3 39.5,9.1 39.5,10.1 L39.5,14.3 L15.1,14.3 L15.1,10.1 C15.1,9.1 15.9,8.3 16.9,8.3 M53.3,10.2 L42.7,10.2 L42.7,9.7 C42.5,7.1 40.4,5.1 37.8,5.1 L32,5.1 L32,4.6 C32,2 29.9,0 27.4,0 C24.9,0 22.8,2.1 22.8,4.6 L22.8,5.1 L17,5.1 C14.4,5.1 12.3,7.1 12.1,9.7 L12.1,10.2 L1.4,10.2 C0.7,10.2 0.1,10.8 0,11.5 L0,78.7 C0,79.4 0.6,80 1.4,80 L53.4,80 C54.1,80 54.7,79.4 54.7,78.7 L54.7,11.5 C54.7,10.8 54.1,10.2 53.3,10.2\" id=\"Shape\"><\/path>\r\n        <\/g>\r\n    <\/g>\r\n<\/svg>                                <span class=\"mas simbolo\">+<\/span>\r\n                                <span class=\"menos simbolo\">\u2013<\/span>\r\n                            <\/a>\r\n                            <h4>An\u00e1lise de recursos e\u00f3licos<\/h4>\r\n\r\n                        <\/li>\r\n\t\t\t\t\t\t                        <li>\r\n\t\t\t\t\t\t\t<h3>3<\/h3>                            <a href=\"#opcion3\">\r\n\t\t\t\t\t\t\t\t<svg width=\"100.0px\" height=\"100.0px\" version=\"1.1\" id=\"Capa_1\" xmlns=\"http:\/\/www.w3.org\/2000\/svg\" xmlns:xlink=\"http:\/\/www.w3.org\/1999\/xlink\" x=\"0px\" y=\"0px\"\r\n\t viewBox=\"0 0 52.84 52.84\" style=\"enable-background:new 0 0 52.84 52.84; fill:#003e51;\" xml:space=\"preserve\">\r\n<path d=\"M46.78,25.75c-0.12-0.52-0.45-0.96-0.92-1.21l-8.75-4.72c-0.48-0.26-1.07-0.28-1.57-0.05c-0.16,0.07-0.34,0.08-0.5,0.02\r\n\tl-1.21-0.44c-0.22-0.69-0.72-1.26-1.37-1.56L30.12,4.5c-0.06-0.34-0.3-0.62-0.62-0.73c-0.33-0.11-0.68-0.03-0.94,0.2\r\n\tc-0.39,0.36-0.6,0.87-0.59,1.4l0.29,9.94c0.02,0.55,0.3,1.07,0.75,1.38c0.14,0.1,0.24,0.25,0.27,0.42l0.22,1.27\r\n\tc-0.42,0.46-0.68,1.06-0.68,1.73c0,0.08,0.02,0.16,0.02,0.23l-4.71,3.95l-1.76-0.95c-0.44-0.23-0.96-0.25-1.41-0.04\r\n\tc-0.12,0.05-0.25,0.06-0.37,0.02l-1.02-0.37c-0.2-0.57-0.61-1.04-1.14-1.3l-2-11.34c-0.06-0.32-0.28-0.58-0.59-0.68\r\n\tc-0.31-0.1-0.64-0.03-0.88,0.19c-0.35,0.32-0.54,0.78-0.53,1.26l0.25,8.5c0.02,0.5,0.27,0.96,0.67,1.24c0.1,0.07,0.17,0.18,0.2,0.31\r\n\tl0.19,1.07c-0.35,0.4-0.57,0.91-0.57,1.48c0,0.05,0.01,0.1,0.02,0.16l-8.82,7.4c-0.25,0.21-0.36,0.53-0.3,0.85s0.29,0.57,0.6,0.67\r\n\tc0.16,0.05,0.32,0.07,0.49,0.07c0.31,0,0.6-0.08,0.87-0.25l7.23-4.46c0.42-0.26,0.7-0.71,0.74-1.2c0.01-0.13,0.07-0.24,0.17-0.33\r\n\tl0.09-0.08l-0.6,18.99h-1.24c-0.25,0-0.47,0.17-0.53,0.41l-0.57,2.19h-2.95c-0.28,0-0.5,0.22-0.5,0.5s0.22,0.5,0.5,0.5h28.61\r\n\tc0.28,0,0.5-0.22,0.5-0.5s-0.22-0.5-0.5-0.5h-2.85l-0.68-2.59c-0.06-0.24-0.28-0.41-0.53-0.41h-1.55l-0.73-22.75\r\n\tc0.08-0.05,0.16-0.09,0.24-0.14l12.68,4.61c0.1,0.04,0.21,0.06,0.32,0.06c0.23,0,0.45-0.08,0.62-0.23c0.26-0.23,0.37-0.58,0.29-0.91\r\n\tL46.78,25.75z M29.34,15.29l-0.29-9.94c0-0.1,0.01-0.19,0.04-0.28l2.2,12.49c-0.29,0-0.56,0.07-0.82,0.16l-0.14-0.79\r\n\tc-0.08-0.46-0.34-0.86-0.72-1.13c-0.17-0.12-0.27-0.31-0.28-0.52L29.34,15.29z M29.2,21.48c0.15,0.24,0.34,0.45,0.55,0.62\r\n\tl-0.61,0.52c-0.36,0.3-0.58,0.72-0.62,1.19c-0.02,0.21-0.13,0.39-0.31,0.5l-8.46,5.22c-0.08,0.05-0.17,0.08-0.26,0.1\r\n\tC19.49,29.63,29.2,21.48,29.2,21.48z M18.1,45.52h-1.35l0.62-19.56c0,0,0.04,0,0.06,0s0.04,0,0.06,0L18.1,45.52z M17.42,22.33\r\n\tc0.76,0,1.37,0.61,1.37,1.37s-0.61,1.37-1.37,1.37s-1.37-0.61-1.37-1.37S16.66,22.33,17.42,22.33z M18.78,25.5l2.74,1l-2.85,2.39\r\n\tl-0.1-3.24c0.07-0.04,0.14-0.09,0.21-0.14L18.78,25.5z M21.4,24.31c0.14-0.06,0.3-0.06,0.43,0.01l1.38,0.74l-0.91,0.76l-2.91-1.06\r\n\tc0.1-0.19,0.19-0.39,0.23-0.61l0.56,0.2c0.4,0.14,0.82,0.12,1.2-0.05L21.4,24.31z M15.53,11.62l1.73,9.83\r\n\tc-0.19,0.01-0.37,0.05-0.54,0.11l-0.11-0.6c-0.07-0.41-0.3-0.77-0.65-1.02c-0.12-0.09-0.2-0.23-0.21-0.38l-0.23-7.94L15.53,11.62z\r\n\t M15.46,25.77c-0.32,0.27-0.52,0.65-0.56,1.07c-0.01,0.15-0.1,0.29-0.23,0.37l-6.76,4.17l7.64-6.41c0.1,0.15,0.23,0.29,0.37,0.41\r\n\tC15.92,25.38,15.46,25.77,15.46,25.77z M14.5,47.89l0.33-1.27h5.19l0.33,1.27H14.5z M27.32,45.52l-0.68,2.59h-5.1l-0.57-2.18\r\n\tc-0.06-0.24-0.28-0.41-0.53-0.41H19.2l-0.47-14.91c0,0,0.06,0.03,0.09,0.04c0.18,0.06,0.36,0.08,0.54,0.08\r\n\tc0.34,0,0.67-0.09,0.96-0.27l8.46-5.22c0.47-0.29,0.78-0.79,0.82-1.34c0.02-0.18,0.1-0.33,0.23-0.45l0.26-0.22l-0.71,21.88h-1.55\r\n\tc-0.25,0-0.47,0.17-0.53,0.41H27.32z M32.83,46.21h1.65l0.44,1.68h-7.09l0.44-1.68H32.83z M30.49,45.11l0.72-22.43\r\n\tc0.05,0,0.11,0.02,0.16,0.02s0.11-0.01,0.16-0.02l0.72,22.43h-1.78H30.49z M31.38,21.8c-0.93,0-1.68-0.75-1.68-1.68\r\n\ts0.75-1.68,1.68-1.68c0.93,0,1.68,0.75,1.68,1.68S32.31,21.8,31.38,21.8z M33.64,21.34c0.13-0.24,0.23-0.51,0.27-0.79l0.75,0.27\r\n\tc0.44,0.16,0.91,0.14,1.34-0.06c0.19-0.09,0.41-0.08,0.59,0.02l8.76,4.72c0.08,0.04,0.16,0.1,0.22,0.18l-11.92-4.34H33.64z\"\/>\r\n<\/svg>                                <span class=\"mas simbolo\">+<\/span>\r\n                                <span class=\"menos simbolo\">\u2013<\/span>\r\n                            <\/a>\r\n                            <h4>An\u00e1lise p\u00f3s-constru\u00e7\u00e3o<\/h4>\r\n\r\n                        <\/li>\r\n\t\t\t\t\t\t            <\/ul>\r\n        <div>\r\n            <div class=\"fases-opciones\">\r\n                                        <div>\r\n                            <div id=\"opcion1\" class=\"opcion\">\r\n                                <h3>Campanhas de medi\u00e7\u00e3o de recursos e\u00f3licos <\/h3>                                <section class=\"opcion-contenido\">\r\n                                    <p>Com o nosso laborat\u00f3rio acreditado pelo ENAC (<a href=\"https:\/\/barloventoapplus.com\/br\/acreditacoes\/\"><u>Acredita\u00e7\u00e3o n.\u00ba 473\/LE 1004<\/u><\/a>), efetuamos campanhas de medi\u00e7\u00e3o onshore e offshore em todo o mundo, em conformidade com as normas da ind\u00fastria e\u00f3lica.<\/p>\n<p>Gerenciamos campanhas de medi\u00e7\u00e3o utilizando torres meteorol\u00f3gicas, bem como equipamento de detec\u00e7\u00e3o remota, como o SoDAR\/LiDAR, para medir e caraterizar as condi\u00e7\u00f5es do vento num local proposto para o desenvolvimento de um projeto e\u00f3lico.<\/p>\n<p>O servi\u00e7o inclui todo o processo, desde a sele\u00e7\u00e3o do local, \u00e0 gest\u00e3o das licen\u00e7as, \u00e0 instala\u00e7\u00e3o, \u00e0 an\u00e1lise dos dados e \u00e0 desmontagem.<\/p>\n<p>Ademais, prestamos servi\u00e7os de medi\u00e7\u00e3o de radia\u00e7\u00e3o solar na Am\u00e9rica Latina, utilizando torres equipadas com sensores espec\u00edficos para avaliar o recurso solar em projetos fotovoltaicos.<\/p>\n<p>A Barlovento Applus+ disp\u00f5e de um software pr\u00f3prio de gest\u00e3o autom\u00e1tica das medi\u00e7\u00f5es, o GESMED\u00ae, que permite um controlo imediato do estado das esta\u00e7\u00f5es e fornece ao cliente os dados revistos de forma muito \u00e1gil.<\/p>\n                                <\/section>\r\n                            <\/div>\r\n                        <\/div>\r\n                                                <div>\r\n                            <div id=\"opcion2\" class=\"opcion\">\r\n                                <h3>An\u00e1lise de recursos e\u00f3licos<\/h3>                                <section class=\"opcion-contenido\">\r\n                                    <p>A an\u00e1lise dos recursos e\u00f3licos \u00e9 um processo fundamental para o planejamento e desenvolvimento de projetos de energia e\u00f3lica. A nossa equipe de especialistas realiza estudos de recursos e produ\u00e7\u00e3o e\u00f3lica de parques e\u00f3licos onshore e offshore com base nas medi\u00e7\u00f5es do cliente ou do cliente, avaliando as condi\u00e7\u00f5es do vento num local espec\u00edfico e o seu potencial de produ\u00e7\u00e3o de energia.<\/p>\n<p>Al\u00e9m disso, efetuamos estudos preliminares de recursos e\u00f3licos n\u00e3o medidos com base em modelos de meso e microescala e desenvolvemos planos personalizados para governos, administra\u00e7\u00f5es p\u00fablicas, autoridades energ\u00e9ticas e comunidades locais.<\/p>\n<p>Elaboramos igualmente mapas de recursos e\u00f3licos regionais, mesmo sem medi\u00e7\u00f5es pr\u00e9vias, bem como mapas de restri\u00e7\u00f5es ambientais e outras (restri\u00e7\u00f5es ac\u00fasticas, shadow flicker, el\u00e9tricas&#8230;), defini\u00e7\u00e3o de parques e\u00f3licos e solu\u00e7\u00f5es de liga\u00e7\u00e3o el\u00e9trica.<\/p>\n                                <\/section>\r\n                            <\/div>\r\n                        <\/div>\r\n                                                <div>\r\n                            <div id=\"opcion3\" class=\"opcion\">\r\n                                <h3>An\u00e1lise p\u00f3s-constru\u00e7\u00e3o<\/h3>                                <section class=\"opcion-contenido\">\r\n                                    <p><u>An\u00e1lise dos resultados de explora\u00e7\u00e3o<\/u><\/p>\n<p>Avalia\u00e7\u00e3o de alto n\u00edvel de todos os dados e informa\u00e7\u00f5es operacionais: produ\u00e7\u00e3o agregada, produ\u00e7\u00e3o por turbina, relat\u00f3rios operacionais mensais, disponibilidade, desempenho, desempenho da curva de pot\u00eancia, an\u00e1lise dos dados meteorol\u00f3gicos das torres do parque e\u00f3lico, adequa\u00e7\u00e3o, disponibilidade de parques e\u00f3licos vizinhos, etc.<\/p>\n<p><u>Avalia\u00e7\u00e3o a longo prazo da produ\u00e7\u00e3o dos parques e\u00f3licos<\/u><\/p>\n<p>Avalia\u00e7\u00e3o independente da produ\u00e7\u00e3o de energia, incluindo:<\/p>\n<ul>\n<li>Estimativa da produ\u00e7\u00e3o de energia: previs\u00e3o da produ\u00e7\u00e3o de energia a longo prazo do parque e\u00f3lico, com base nos dados registados, incluindo a an\u00e1lise de todos os fatores de perda considerados.<\/li>\n<li>Incertezas e desvios: A incerteza na produ\u00e7\u00e3o anual de energia l\u00edquida \u00e9 prevista e s\u00e3o fornecidos n\u00edveis de probabilidade de exced\u00eancia de 99%, 95%, 90%, 75%, 65%, 55% e 50% para cada parque e\u00f3lico, analisando cen\u00e1rios para 15 anos, 10 anos e 1 ano.<\/li>\n<\/ul>\n<p><u>An\u00e1lise das causas dos desvios na produ\u00e7\u00e3o de energia<\/u><\/p>\n<p><P>An\u00e1lise pormenorizada das poss\u00edveis causas de desvio da produ\u00e7\u00e3o, incluindo alarmes de turbinas e\u00f3licas, incumprimento da curva de pot\u00eancia, condi\u00e7\u00f5es extremas de vento ou ambientais, restri\u00e7\u00f5es de evacua\u00e7\u00e3o, desvios do modelo de esteira e an\u00e1lise da incerteza associada a cada uma das causas de desvio.<\/p>\n<p><u>Condi\u00e7\u00f5es do local para prolongar a sua vida<\/u><\/p>\n<p>An\u00e1lise dos diferentes par\u00e2metros ambientais do local de acordo com a norma IEC 61400-1 e MEASNET, incluindo a distribui\u00e7\u00e3o de Weibull nas posi\u00e7\u00f5es das turbinas e\u00f3licas, an\u00e1lise de turbul\u00eancia, turbul\u00eancia efetiva (ambiente IT + esteira), perfil vertical, velocidades extremas, densidade do ar, topografia, indicadores de terreno complexos e inclina\u00e7\u00e3o do fluxo de vento (Upflow).<\/p>\n                                <\/section>\r\n                            <\/div>\r\n                        <\/div>\r\n                                    <\/div>\r\n        \r\n\r\n    <\/div><!-- \/ .bloque -->\r\n\r\n\n\n\r\n\t<div class=\"bloque bloque-contacto alignfull\">\r\n\r\n\t\t<div class=\"contenedor\">\r\n\r\n\t\t\t\t\t\t\t<h3 style=\"margin-bottom: 40px;\">CONTATE-NOS PARA MAIS INFORMA\u00c7\u00d5ES<\/h3>\r\n\t\t\t\r\n\t\t\t<div class=\"bloque-contacto__contenido\">\r\n\r\n\t\t\t\t\t\t\t\t<div class=\"bloque-contacto__contenido__persona\">\r\n                    \t\t\t\t\t<a href=\"\/br\/contato\/\" title=\"\">\r\n\t\t\t\t\t\tContato\t\t\t\t\t<\/a>\r\n\t\t\t\t<\/div><!-- \/ .bloque-contacto__contenido__persona -->\r\n\r\n\t\t\t<\/div><!-- \/ .bloque-contacto__contenido -->\r\n\r\n\t\t<\/div><!-- \/.contenedor -->\r\n\r\n\t<\/div><!-- \/ .bloque-contacto -->\r\n\r\n","protected":false},"excerpt":{"rendered":"<p>Uma avalia\u00e7\u00e3o exata dos fatores meteorol\u00f3gicos e uma an\u00e1lise exaustiva do recurso e\u00f3lico s\u00e3o essenciais para minimizar os riscos e [&hellip;]<\/p>\n","protected":false},"author":5,"featured_media":0,"parent":0,"menu_order":0,"comment_status":"closed","ping_status":"closed","template":"template-services.php","meta":{"_acf_changed":false,"footnotes":""},"class_list":["post-10279","page","type-page","status-publish","hentry"],"acf":[],"_links":{"self":[{"href":"https:\/\/barloventoapplus.com\/br\/wp-json\/wp\/v2\/pages\/10279","targetHints":{"allow":["GET"]}}],"collection":[{"href":"https:\/\/barloventoapplus.com\/br\/wp-json\/wp\/v2\/pages"}],"about":[{"href":"https:\/\/barloventoapplus.com\/br\/wp-json\/wp\/v2\/types\/page"}],"author":[{"embeddable":true,"href":"https:\/\/barloventoapplus.com\/br\/wp-json\/wp\/v2\/users\/5"}],"replies":[{"embeddable":true,"href":"https:\/\/barloventoapplus.com\/br\/wp-json\/wp\/v2\/comments?post=10279"}],"version-history":[{"count":5,"href":"https:\/\/barloventoapplus.com\/br\/wp-json\/wp\/v2\/pages\/10279\/revisions"}],"predecessor-version":[{"id":10913,"href":"https:\/\/barloventoapplus.com\/br\/wp-json\/wp\/v2\/pages\/10279\/revisions\/10913"}],"wp:attachment":[{"href":"https:\/\/barloventoapplus.com\/br\/wp-json\/wp\/v2\/media?parent=10279"}],"curies":[{"name":"wp","href":"https:\/\/api.w.org\/{rel}","templated":true}]}}