{"id":10271,"date":"2024-12-19T17:58:33","date_gmt":"2024-12-19T16:58:33","guid":{"rendered":"https:\/\/barloventoapplus.com\/?page_id=10271"},"modified":"2025-01-13T16:36:15","modified_gmt":"2025-01-13T15:36:15","slug":"engenharia","status":"publish","type":"page","link":"https:\/\/barloventoapplus.com\/br\/engenharia\/","title":{"rendered":"Engenharia"},"content":{"rendered":"\n<p id=\"tw-target-text\">A Barlovento Applus+ oferece servi\u00e7os especializados de engenharia adaptados \u00e0s necessidades dos nossos clientes. Apoiamos os desenvolvedores de parques e\u00f3licos e as empresas de EPC para garantir que os projetos de parques e\u00f3licos cumpram as normas de qualidade exigidas durante o planejamento, desenvolvimento, constru\u00e7\u00e3o e opera\u00e7\u00e3o. Temos tamb\u00e9m ampla experi\u00eancia em projetos de descomissionamento e repotencia\u00e7\u00e3o de parques e\u00f3licos em todas as suas fases. <\/p>\n\n\n\n<p>Al\u00e9m disso, oferecemos v\u00e1rios servi\u00e7os de engenharia espec\u00edficos para sistemas de armazenamento de energia em baterias (BESS) em colabora\u00e7\u00e3o com os nossos colegas da <a href=\"https:\/\/www.enertisapplus.com\/br\/armazenamento-energia\/\" target=\"_blank\" rel=\"noreferrer noopener\">Enertis Applus+<\/a>.<\/p>\n\n\n\n<p>Saiba mais sobre os nossos servi\u00e7os de engenharia:<\/p>\n\n\n\n\n\n<h3 class=\"wp-block-heading\">SERVI\u00c7OS COMPLEMENTARES<\/h3>\n\n\n\n<ul class=\"wp-block-list\">\n<li>Execu\u00e7\u00e3o do projeto da torre de medi\u00e7\u00e3o para obten\u00e7\u00e3o da licen\u00e7a de constru\u00e7\u00e3o.<\/li>\n\n\n\n<li>Estudo de viabilidade para a amplia\u00e7\u00e3o da subesta\u00e7\u00e3o el\u00e9trica.<\/li>\n\n\n\n<li>Estudos financeiros e an\u00e1lise de sensibilidade do projeto.<\/li>\n\n\n\n<li>Projetos de interconex\u00e3o de redes. Alternativas e otimiza\u00e7\u00e3o<\/li>\n\n\n\n<li>Estudo log\u00edstico do transporte de componentes de turbinas e\u00f3licas desde a sua origem at\u00e9 ao local de instala\u00e7\u00e3o.<\/li>\n<\/ul>\n\n\n\r\n\t<div class=\"bloque bloque-contacto alignfull\">\r\n\r\n\t\t<div class=\"contenedor\">\r\n\r\n\t\t\t\t\t\t\t<h3 style=\"margin-bottom: 40px;\">CONTATE-NOS PARA MAIS INFORMA\u00c7\u00d5ES<\/h3>\r\n\t\t\t\r\n\t\t\t<div class=\"bloque-contacto__contenido\">\r\n\r\n\t\t\t\t\t\t\t\t<div class=\"bloque-contacto__contenido__persona\">\r\n                    \t\t\t\t\t<a href=\"\/br\/contato\/\" title=\"\">\r\n\t\t\t\t\t\tContato\t\t\t\t\t<\/a>\r\n\t\t\t\t<\/div><!-- \/ .bloque-contacto__contenido__persona -->\r\n\r\n\t\t\t<\/div><!-- \/ .bloque-contacto__contenido -->\r\n\r\n\t\t<\/div><!-- \/.contenedor -->\r\n\r\n\t<\/div><!-- \/ .bloque-contacto -->\r\n\r\n","protected":false},"excerpt":{"rendered":"<p>A Barlovento Applus+ oferece servi\u00e7os especializados de engenharia adaptados \u00e0s necessidades dos nossos clientes. Apoiamos os desenvolvedores de parques e\u00f3licos [&hellip;]<\/p>\n","protected":false},"author":5,"featured_media":0,"parent":0,"menu_order":0,"comment_status":"closed","ping_status":"closed","template":"template-services.php","meta":{"_acf_changed":false,"footnotes":""},"class_list":["post-10271","page","type-page","status-publish","hentry"],"acf":[],"_links":{"self":[{"href":"https:\/\/barloventoapplus.com\/br\/wp-json\/wp\/v2\/pages\/10271","targetHints":{"allow":["GET"]}}],"collection":[{"href":"https:\/\/barloventoapplus.com\/br\/wp-json\/wp\/v2\/pages"}],"about":[{"href":"https:\/\/barloventoapplus.com\/br\/wp-json\/wp\/v2\/types\/page"}],"author":[{"embeddable":true,"href":"https:\/\/barloventoapplus.com\/br\/wp-json\/wp\/v2\/users\/5"}],"replies":[{"embeddable":true,"href":"https:\/\/barloventoapplus.com\/br\/wp-json\/wp\/v2\/comments?post=10271"}],"version-history":[{"count":5,"href":"https:\/\/barloventoapplus.com\/br\/wp-json\/wp\/v2\/pages\/10271\/revisions"}],"predecessor-version":[{"id":10829,"href":"https:\/\/barloventoapplus.com\/br\/wp-json\/wp\/v2\/pages\/10271\/revisions\/10829"}],"wp:attachment":[{"href":"https:\/\/barloventoapplus.com\/br\/wp-json\/wp\/v2\/media?parent=10271"}],"curies":[{"name":"wp","href":"https:\/\/api.w.org\/{rel}","templated":true}]}}