{"id":10267,"date":"2024-12-19T17:54:57","date_gmt":"2024-12-19T16:54:57","guid":{"rendered":"https:\/\/barloventoapplus.com\/?page_id=10267"},"modified":"2025-01-13T16:38:09","modified_gmt":"2025-01-13T15:38:09","slug":"tecnologias","status":"publish","type":"page","link":"https:\/\/barloventoapplus.com\/br\/tecnologias\/","title":{"rendered":"Tecnologias"},"content":{"rendered":"\n<p>A Barlovento Applus+ tem uma vasta experi\u00eancia na presta\u00e7\u00e3o de servi\u00e7os profissionais de <a href=\"\/br\/consultoria\/\">consultoria<\/a>, <a href=\"\/br\/engenharia\/\">engenharia<\/a>, <a href=\"\/br\/teste-de-turbina-eolica\/\">ensaios de turbinas e\u00f3licas<\/a> e <a href=\"\/br\/consultoria-eletrica-avancada\/\">servi\u00e7os avan\u00e7ados de consultoria el\u00e9trica<\/a>, bem como <a href=\"\/br\/avaliacoes-de-recursos-eolicos\/\">campanhas de medi\u00e7\u00e3o e an\u00e1lise de recursos e\u00f3licos<\/a> para projetos de energias renov\u00e1veis em mais de 60 pa\u00edses em todo o mundo.<\/p>\n\n\n\n<h2 class=\"wp-block-heading\">PARQUES E\u00d3LICOS ONSHORE E OFFSHORE<\/h2>\n\n\n\n<p>Os projetos de energia e\u00f3lica requerem um planejamento meticuloso, uma execu\u00e7\u00e3o precisa e uma especializa\u00e7\u00e3o abrangente.&nbsp; Os principais aspetos incluem <a href=\"\/br\/consultoria\/\">avalia\u00e7\u00f5es exatas do local<\/a>, <a href=\"\/br\/avaliacoes-de-recursos-eolicos\/\">avalia\u00e7\u00f5es dos recursos e\u00f3licos<\/a>, <a href=\"\/br\/engenharia\/\">solu\u00e7\u00f5es avan\u00e7adas de engenharia<\/a> e um <a href=\"\/br\/teste-de-turbina-eolica\/\">rigoroso controlo de qualidade<\/a> para maximizar a efici\u00eancia, minimizar os riscos e garantir o sucesso e a sustentabilidade a longo prazo do parque e\u00f3lico.<\/p>\n\n\n\n<h2 class=\"wp-block-heading\">PROJETOS H\u00cdBRIDOS RENOV\u00c1VEIS<\/h2>\n\n\n\n<p>Estes projetos combinam diferentes tecnologias, como a e\u00f3lica, a solar fotovoltaica e os sistemas de armazenamento de energia em baterias (BESS), e representam o futuro da produ\u00e7\u00e3o de energia sustent\u00e1vel.\u00a0 Para estes sistemas, \u00e9 necess\u00e1rio adotar uma abordagem hol\u00edstica que combine a experi\u00eancia em <a href=\"\/br\/avaliacoes-de-recursos-eolicos\/\">avalia\u00e7\u00e3o dos recursos<\/a>, <a href=\"\/br\/engenharia\/\">dimensionamento do sistema<\/a> e <a href=\"\/br\/consultoria-eletrica-avancada\/\">integra\u00e7\u00e3o na rede<\/a>. Os principais desafios a ter em conta incluem a otimiza\u00e7\u00e3o da intera\u00e7\u00e3o entre m\u00faltiplas fontes de energia, a garantia de um funcionamento adequado e a maximiza\u00e7\u00e3o da efici\u00eancia, minimizando os custos.<\/p>\n\n\n\n<div style=\"height:50px\" aria-hidden=\"true\" class=\"wp-block-spacer\"><\/div>\n\n\n\n<p><\/p>\n","protected":false},"excerpt":{"rendered":"<p>A Barlovento Applus+ tem uma vasta experi\u00eancia na presta\u00e7\u00e3o de servi\u00e7os profissionais de consultoria, engenharia, ensaios de turbinas e\u00f3licas e [&hellip;]<\/p>\n","protected":false},"author":5,"featured_media":0,"parent":0,"menu_order":0,"comment_status":"closed","ping_status":"closed","template":"template-technologies.php","meta":{"_acf_changed":false,"footnotes":""},"class_list":["post-10267","page","type-page","status-publish","hentry"],"acf":[],"_links":{"self":[{"href":"https:\/\/barloventoapplus.com\/br\/wp-json\/wp\/v2\/pages\/10267","targetHints":{"allow":["GET"]}}],"collection":[{"href":"https:\/\/barloventoapplus.com\/br\/wp-json\/wp\/v2\/pages"}],"about":[{"href":"https:\/\/barloventoapplus.com\/br\/wp-json\/wp\/v2\/types\/page"}],"author":[{"embeddable":true,"href":"https:\/\/barloventoapplus.com\/br\/wp-json\/wp\/v2\/users\/5"}],"replies":[{"embeddable":true,"href":"https:\/\/barloventoapplus.com\/br\/wp-json\/wp\/v2\/comments?post=10267"}],"version-history":[{"count":5,"href":"https:\/\/barloventoapplus.com\/br\/wp-json\/wp\/v2\/pages\/10267\/revisions"}],"predecessor-version":[{"id":10831,"href":"https:\/\/barloventoapplus.com\/br\/wp-json\/wp\/v2\/pages\/10267\/revisions\/10831"}],"wp:attachment":[{"href":"https:\/\/barloventoapplus.com\/br\/wp-json\/wp\/v2\/media?parent=10267"}],"curies":[{"name":"wp","href":"https:\/\/api.w.org\/{rel}","templated":true}]}}